{"id":82,"date":"2018-03-10T00:09:20","date_gmt":"2018-03-09T23:09:20","guid":{"rendered":"https:\/\/voyageausahara.com\/iump-default-redirect-page\/"},"modified":"2019-09-20T22:58:28","modified_gmt":"2019-09-20T20:58:28","slug":"carnet-de-voyage","status":"publish","type":"page","link":"https:\/\/voyageausahara.com\/en\/carnet-de-voyage\/","title":{"rendered":"Travelogue"},"content":{"rendered":"<div class=\"vc_row wpb_row vc_row-fluid\"><div class=\"wpb_column vc_column_container vc_col-sm-12\"><div class=\"vc_column-inner\"><div class=\"wpb_wrapper\"><h1 style=\"text-align: left;font-family:Rubik Mono One;font-weight:400;font-style:normal\" class=\"vc_custom_heading\" >Le carnet de voyage<\/h1>\n\t<div class=\"wpb_text_column wpb_content_element\" >\n\t\t<div class=\"wpb_wrapper\">\n\t\t\t<p>Ici vous trouverez tous les articles du carnet de voyage dans le Sahara alg\u00e9rien. Les publications se feront progressivement.<\/p>\n<p>Il y a des vid\u00e9os, des photos, des r\u00e9cits de voyages.<\/p>\n\n\t\t<\/div>\n\t<\/div>\n\n<div class=\"vc_grid-container-wrapper vc_clearfix vc_grid-animation-fadeIn\">\n\t<div class=\"vc_grid-container vc_clearfix wpb_content_element vc_masonry_grid\" data-initial-loading-animation=\"fadeIn\" data-vc-grid-settings=\"{&quot;page_id&quot;:82,&quot;style&quot;:&quot;all-masonry&quot;,&quot;action&quot;:&quot;vc_get_vc_grid_data&quot;,&quot;shortcode_id&quot;:&quot;1569011542250-ba78cd08-def7-4&quot;,&quot;tag&quot;:&quot;vc_masonry_grid&quot;}\" data-vc-request=\"https:\/\/voyageausahara.com\/wp-admin\/admin-ajax.php\" data-vc-post-id=\"82\" data-vc-public-nonce=\"cfd2047de2\">\n\t\t\n\t<\/div>\n<\/div><\/div><\/div><\/div><\/div>","protected":false},"excerpt":{"rendered":"Le carnet de voyage Ici vous trouverez tous les articles du carnet de voyage dans le Sahara alg\u00e9rien. Les publications se feront progressivement. Il y a<span class=\"excerpt-hellip\"> [\u2026]<\/span>","protected":false},"author":1,"featured_media":0,"parent":0,"menu_order":0,"comment_status":"closed","ping_status":"closed","template":"","meta":{"footnotes":""},"class_list":["post-82","page","type-page","status-publish","hentry"],"yoast_head":"<!-- This site is optimized with the Yoast SEO plugin v26.8 - https:\/\/yoast.com\/product\/yoast-seo-wordpress\/ -->\n<title>Le carnet de voyage sur le Sahara alg\u00e9rien<\/title>\n<meta name=\"description\" content=\"Ici vous trouverez tous les articles du carnet de voyage dans le Sahara alg\u00e9rien. Il y a des vid\u00e9os et des galeries photos.\" \/>\n<meta name=\"robots\" content=\"index, follow, max-snippet:-1, max-image-preview:large, max-video-preview:-1\" \/>\n<link rel=\"canonical\" href=\"https:\/\/voyageausahara.com\/en\/carnet-de-voyage\/\" \/>\n<meta property=\"og:locale\" content=\"en_GB\" \/>\n<meta property=\"og:type\" content=\"article\" \/>\n<meta property=\"og:title\" content=\"Le carnet de voyage sur le Sahara alg\u00e9rien\" \/>\n<meta property=\"og:description\" content=\"Ici vous trouverez tous les articles du carnet de voyage dans le Sahara alg\u00e9rien. Il y a des vid\u00e9os et des galeries photos.\" \/>\n<meta property=\"og:url\" content=\"https:\/\/voyageausahara.com\/en\/carnet-de-voyage\/\" \/>\n<meta property=\"og:site_name\" content=\"Voyage au Sahara\" \/>\n<meta property=\"article:modified_time\" content=\"2019-09-20T20:58:28+00:00\" \/>\n<meta name=\"twitter:card\" content=\"summary_large_image\" \/>\n<meta name=\"twitter:title\" content=\"Le carnet de voyage sur le Sahara alg\u00e9rien\" \/>\n<meta name=\"twitter:description\" content=\"Ici vous trouverez tous les articles du carnet de voyage dans le Sahara alg\u00e9rien. Il y a des vid\u00e9os et des galeries photos.\" \/>\n<meta name=\"twitter:label1\" content=\"Estimated reading time\" \/>\n\t<meta name=\"twitter:data1\" content=\"1 minute\" \/>\n<script type=\"application\/ld+json\" class=\"yoast-schema-graph\">{\"@context\":\"https:\/\/schema.org\",\"@graph\":[{\"@type\":\"WebPage\",\"@id\":\"https:\/\/voyageausahara.com\/fr_fr\/carnet-de-voyage\/\",\"url\":\"https:\/\/voyageausahara.com\/fr_fr\/carnet-de-voyage\/\",\"name\":\"Le carnet de voyage sur le Sahara alg\u00e9rien\",\"isPartOf\":{\"@id\":\"https:\/\/voyageausahara.com\/fr_fr\/#website\"},\"datePublished\":\"2018-03-09T23:09:20+00:00\",\"dateModified\":\"2019-09-20T20:58:28+00:00\",\"description\":\"Ici vous trouverez tous les articles du carnet de voyage dans le Sahara alg\u00e9rien. Il y a des vid\u00e9os et des galeries photos.\",\"breadcrumb\":{\"@id\":\"https:\/\/voyageausahara.com\/fr_fr\/carnet-de-voyage\/#breadcrumb\"},\"inLanguage\":\"en-GB\",\"potentialAction\":[{\"@type\":\"ReadAction\",\"target\":[\"https:\/\/voyageausahara.com\/fr_fr\/carnet-de-voyage\/\"]}]},{\"@type\":\"BreadcrumbList\",\"@id\":\"https:\/\/voyageausahara.com\/fr_fr\/carnet-de-voyage\/#breadcrumb\",\"itemListElement\":[{\"@type\":\"ListItem\",\"position\":1,\"name\":\"Accueil\",\"item\":\"https:\/\/voyageausahara.com\/\"},{\"@type\":\"ListItem\",\"position\":2,\"name\":\"Carnet de voyage\"}]},{\"@type\":\"WebSite\",\"@id\":\"https:\/\/voyageausahara.com\/fr_fr\/#website\",\"url\":\"https:\/\/voyageausahara.com\/fr_fr\/\",\"name\":\"Voyage au Sahara\",\"description\":\"D\u00e9couvrez la beaut\u00e9 du Sahara et vivez une aventure humaine avec vos amis, votre famille ou d\u2019autres voyageurs avec un guide touristique agr\u00e9\u00e9.\",\"publisher\":{\"@id\":\"https:\/\/voyageausahara.com\/fr_fr\/#organization\"},\"potentialAction\":[{\"@type\":\"SearchAction\",\"target\":{\"@type\":\"EntryPoint\",\"urlTemplate\":\"https:\/\/voyageausahara.com\/fr_fr\/?s={search_term_string}\"},\"query-input\":{\"@type\":\"PropertyValueSpecification\",\"valueRequired\":true,\"valueName\":\"search_term_string\"}}],\"inLanguage\":\"en-GB\"},{\"@type\":\"Organization\",\"@id\":\"https:\/\/voyageausahara.com\/fr_fr\/#organization\",\"name\":\"Voyage au Sahara\",\"url\":\"https:\/\/voyageausahara.com\/fr_fr\/\",\"logo\":{\"@type\":\"ImageObject\",\"inLanguage\":\"en-GB\",\"@id\":\"https:\/\/voyageausahara.com\/fr_fr\/#\/schema\/logo\/image\/\",\"url\":\"https:\/\/voyageausahara.com\/wp-content\/uploads\/2019\/08\/cropped-voyageausahara-logo-color-retina-01.png\",\"contentUrl\":\"https:\/\/voyageausahara.com\/wp-content\/uploads\/2019\/08\/cropped-voyageausahara-logo-color-retina-01.png\",\"width\":678,\"height\":300,\"caption\":\"Voyage au Sahara\"},\"image\":{\"@id\":\"https:\/\/voyageausahara.com\/fr_fr\/#\/schema\/logo\/image\/\"}}]}<\/script>\n<!-- \/ Yoast SEO plugin. -->","yoast_head_json":{"title":"Le carnet de voyage sur le Sahara alg\u00e9rien","description":"Ici vous trouverez tous les articles du carnet de voyage dans le Sahara alg\u00e9rien. Il y a des vid\u00e9os et des galeries photos.","robots":{"index":"index","follow":"follow","max-snippet":"max-snippet:-1","max-image-preview":"max-image-preview:large","max-video-preview":"max-video-preview:-1"},"canonical":"https:\/\/voyageausahara.com\/en\/carnet-de-voyage\/","og_locale":"en_GB","og_type":"article","og_title":"Le carnet de voyage sur le Sahara alg\u00e9rien","og_description":"Ici vous trouverez tous les articles du carnet de voyage dans le Sahara alg\u00e9rien. Il y a des vid\u00e9os et des galeries photos.","og_url":"https:\/\/voyageausahara.com\/en\/carnet-de-voyage\/","og_site_name":"Voyage au Sahara","article_modified_time":"2019-09-20T20:58:28+00:00","twitter_card":"summary_large_image","twitter_title":"Le carnet de voyage sur le Sahara alg\u00e9rien","twitter_description":"Ici vous trouverez tous les articles du carnet de voyage dans le Sahara alg\u00e9rien. Il y a des vid\u00e9os et des galeries photos.","twitter_misc":{"Estimated reading time":"1 minute"},"schema":{"@context":"https:\/\/schema.org","@graph":[{"@type":"WebPage","@id":"https:\/\/voyageausahara.com\/fr_fr\/carnet-de-voyage\/","url":"https:\/\/voyageausahara.com\/fr_fr\/carnet-de-voyage\/","name":"Le carnet de voyage sur le Sahara alg\u00e9rien","isPartOf":{"@id":"https:\/\/voyageausahara.com\/fr_fr\/#website"},"datePublished":"2018-03-09T23:09:20+00:00","dateModified":"2019-09-20T20:58:28+00:00","description":"Ici vous trouverez tous les articles du carnet de voyage dans le Sahara alg\u00e9rien. Il y a des vid\u00e9os et des galeries photos.","breadcrumb":{"@id":"https:\/\/voyageausahara.com\/fr_fr\/carnet-de-voyage\/#breadcrumb"},"inLanguage":"en-GB","potentialAction":[{"@type":"ReadAction","target":["https:\/\/voyageausahara.com\/fr_fr\/carnet-de-voyage\/"]}]},{"@type":"BreadcrumbList","@id":"https:\/\/voyageausahara.com\/fr_fr\/carnet-de-voyage\/#breadcrumb","itemListElement":[{"@type":"ListItem","position":1,"name":"Accueil","item":"https:\/\/voyageausahara.com\/"},{"@type":"ListItem","position":2,"name":"Carnet de voyage"}]},{"@type":"WebSite","@id":"https:\/\/voyageausahara.com\/fr_fr\/#website","url":"https:\/\/voyageausahara.com\/fr_fr\/","name":"Voyage au Sahara","description":"D\u00e9couvrez la beaut\u00e9 du Sahara et vivez une aventure humaine avec vos amis, votre famille ou d\u2019autres voyageurs avec un guide touristique agr\u00e9\u00e9.","publisher":{"@id":"https:\/\/voyageausahara.com\/fr_fr\/#organization"},"potentialAction":[{"@type":"SearchAction","target":{"@type":"EntryPoint","urlTemplate":"https:\/\/voyageausahara.com\/fr_fr\/?s={search_term_string}"},"query-input":{"@type":"PropertyValueSpecification","valueRequired":true,"valueName":"search_term_string"}}],"inLanguage":"en-GB"},{"@type":"Organization","@id":"https:\/\/voyageausahara.com\/fr_fr\/#organization","name":"Voyage au Sahara","url":"https:\/\/voyageausahara.com\/fr_fr\/","logo":{"@type":"ImageObject","inLanguage":"en-GB","@id":"https:\/\/voyageausahara.com\/fr_fr\/#\/schema\/logo\/image\/","url":"https:\/\/voyageausahara.com\/wp-content\/uploads\/2019\/08\/cropped-voyageausahara-logo-color-retina-01.png","contentUrl":"https:\/\/voyageausahara.com\/wp-content\/uploads\/2019\/08\/cropped-voyageausahara-logo-color-retina-01.png","width":678,"height":300,"caption":"Voyage au Sahara"},"image":{"@id":"https:\/\/voyageausahara.com\/fr_fr\/#\/schema\/logo\/image\/"}}]}},"_links":{"self":[{"href":"https:\/\/voyageausahara.com\/en\/wp-json\/wp\/v2\/pages\/82","targetHints":{"allow":["GET"]}}],"collection":[{"href":"https:\/\/voyageausahara.com\/en\/wp-json\/wp\/v2\/pages"}],"about":[{"href":"https:\/\/voyageausahara.com\/en\/wp-json\/wp\/v2\/types\/page"}],"author":[{"embeddable":true,"href":"https:\/\/voyageausahara.com\/en\/wp-json\/wp\/v2\/users\/1"}],"replies":[{"embeddable":true,"href":"https:\/\/voyageausahara.com\/en\/wp-json\/wp\/v2\/comments?post=82"}],"version-history":[{"count":30,"href":"https:\/\/voyageausahara.com\/en\/wp-json\/wp\/v2\/pages\/82\/revisions"}],"predecessor-version":[{"id":1256,"href":"https:\/\/voyageausahara.com\/en\/wp-json\/wp\/v2\/pages\/82\/revisions\/1256"}],"wp:attachment":[{"href":"https:\/\/voyageausahara.com\/en\/wp-json\/wp\/v2\/media?parent=82"}],"curies":[{"name":"wp","href":"https:\/\/api.w.org\/{rel}","templated":true}]}}