{"id":97,"date":"2018-03-10T14:18:07","date_gmt":"2018-03-10T13:18:07","guid":{"rendered":"https:\/\/voyageausahara.com\/?page_id=97"},"modified":"2018-03-10T15:03:45","modified_gmt":"2018-03-10T14:03:45","slug":"mentions-legales","status":"publish","type":"page","link":"https:\/\/voyageausahara.com\/en\/mentions-legales\/","title":{"rendered":"Legal Notice"},"content":{"rendered":"<div class=\"vc_row wpb_row vc_row-fluid\"><div class=\"wpb_column vc_column_container vc_col-sm-12\"><div class=\"vc_column-inner\"><div class=\"wpb_wrapper\">\n\t<div class=\"wpb_text_column wpb_content_element\" >\n\t\t<div class=\"wpb_wrapper\">\n\t\t\t<p><strong>MENTIONS\u00a0<\/strong><b>L\u00c9GALES<\/b><\/p>\n\n\t\t<\/div>\n\t<\/div>\n<\/div><\/div><\/div><\/div><div class=\"vc_row wpb_row vc_row-fluid\"><div class=\"wpb_column vc_column_container vc_col-sm-12\"><div class=\"vc_column-inner\"><div class=\"wpb_wrapper\">\n\t<div class=\"wpb_text_column wpb_content_element\" >\n\t\t<div class=\"wpb_wrapper\">\n\t\t\t<p>Directeur de la publication :\u00a0Yassine AISSAOUI<br \/>\nSiret : 512 601 105 00020<br \/>\nCode APE : 6201Z<br \/>\nAdresse :\u00a03 av. Adrien Mazet, R\u00e9sidence La Carraire, B\u00e2t. C, n\u00b0\u00a036, 13 140 Miramas \u2013 FRANCE<br \/>\nStatut: Entreprise individuelle<\/p>\n<p>VoyageauSahara.com utilise WordPress, le syst\u00e8me de gestion de contenu (CMS) :\u00a0http:\/\/fr.wordpress.org<br \/>\nLe blog est h\u00e9berg\u00e9 par la soci\u00e9t\u00e9 OVH.<\/p>\n<p>SAS au capital de 10 069 020 \u20ac<br \/>\nRCS Lille M\u00e9tropole 424 761 419 00045<br \/>\nCode APE 2620Z<br \/>\nN\u00b0 TVA : FR 22 424 761 419<br \/>\nSi\u00e8ge social : 2 rue Kellermann &#8211; 59100 Roubaix &#8211; France<\/p>\n<p>Le site VoyageauSahara.com et son contenu ont \u00e9t\u00e9 cr\u00e9\u00e9s et mis en ligne par Yassine AISSAOUI \u2013 Expert SEO &amp; Webmarketing.<br \/>\nLe design est une cr\u00e9ation de MUFFIN GROUP et personnalis\u00e9 par Yassine AISSAOUI.<\/p>\n\n\t\t<\/div>\n\t<\/div>\n<\/div><\/div><\/div><\/div><div class=\"vc_row wpb_row vc_row-fluid\"><div class=\"wpb_column vc_column_container vc_col-sm-12\"><div class=\"vc_column-inner\"><div class=\"wpb_wrapper\">\n\t<div class=\"wpb_text_column wpb_content_element\" >\n\t\t<div class=\"wpb_wrapper\">\n\t\t\t<p style=\"text-align: justify;\"><strong>DROIT D&rsquo;AUTEUR ET PROPRI\u00c9T\u00c9 INTELLECTUELLE<\/strong><\/p>\n<p style=\"text-align: justify;\">La pr\u00e9sentation et chacun des \u00e9l\u00e9ments, y compris les marques, logos et noms de domaine, apparaissant sur VoyageauSahara.com, sont prot\u00e9g\u00e9s par les lois en vigueur sur la propri\u00e9t\u00e9 intellectuelle, et appartiennent \u00e0 VoyageauSahara.com ou font l\u2019objet d\u2019une autorisation d\u2019utilisation.<\/p>\n<p style=\"text-align: justify;\">Aucun \u00e9l\u00e9ment composant le Site (textes des articles, vid\u00e9os, images, logos, code html, \u2026) ne peut \u00eatre copi\u00e9, reproduit, modifi\u00e9, r\u00e9\u00e9dit\u00e9, charg\u00e9, d\u00e9natur\u00e9, transmis ou distribu\u00e9 de quelque mani\u00e8re que ce soit, sous quelque support que ce soit, de fa\u00e7on partielle ou int\u00e9grale, sans l\u2019autorisation \u00e9crite et pr\u00e9alable de VoyageauSahara.com et sous r\u00e9serve du respect des droits de propri\u00e9t\u00e9 intellectuelle et de tout autre droit de propri\u00e9t\u00e9 dont il est fait mention. Seule la copie \u00e0 usage priv\u00e9 est autoris\u00e9e pour votre usage personnel, priv\u00e9 et non commercial, sur votre ordinateur personnel.<\/p>\n<p style=\"text-align: justify;\">VoyageauSahara.com se r\u00e9serve le droit de poursuivre tout acte de contrefa\u00e7on de ses droits de propri\u00e9t\u00e9 intellectuelle.<\/p>\n<p>Les copies autoris\u00e9es :<\/p>\n<ul style=\"text-align: justify;\">\n<li>La copie du titre n&rsquo;est pas autoris\u00e9e si celui-ci est r\u00e9utilis\u00e9 pour le titre d&rsquo;un nouvel article d&rsquo;un autre site Internet.<\/li>\n<li>La copie des\u00a0<strong>140 premiers caract\u00e8res d&rsquo;articles<\/strong>\u00a0est autoris\u00e9e \u00e0 condition que la copie soit pr\u00e9c\u00e9d\u00e9e de la mention \u00ab\u00a0Source: VoyageauSahara.com\u00a0\u00bb.<\/li>\n<li>La copie d&rsquo;un extrait d&rsquo;article sur support papier \u00e0 condition de ne pas d\u00e9passer les <strong>250 caract\u00e8res<\/strong>. L&rsquo;extrait copi\u00e9 sur support papier doit \u00eatre pr\u00e9c\u00e9d\u00e9 de la mention \u00ab\u00a0Source : VoyageauSahara.com\u00a0\u00bb.<\/li>\n<\/ul>\n<p>Tarifs de copies des articles sur VoyageauSahara.com :<\/p>\n<p style=\"text-align: justify;\">Pr\u00e9alablement \u00e0 toute tentative de copie, veuillez informer directement le responsable de VoyageauSahara.com. Si les conditions cit\u00e9es pr\u00e9c\u00e9demment n&rsquo;\u00e9taient pas respect\u00e9es, voici les tarifications de copies d&rsquo;articles auxquelles seraient soumise toute personne :<\/p>\n<ul>\n<li style=\"text-align: justify;\">Tarif de copie d&rsquo;article (ou extrait d&rsquo;article) sur site : 1 400 euros HT* \/ mois d\u2019utilisation de la copie.<\/li>\n<li style=\"text-align: justify;\">Tarif copie d&rsquo;article (ou extrait d&rsquo;article)\u00a0sur support papier : 6 euros HT* l&rsquo;exemplaire imprim\u00e9 pour 1 \u00e0 500 exemplaires imprim\u00e9s ; le tarif est de 0.95 euros HT* l&rsquo;exemplaire imprim\u00e9 pour 501 \u00e0 10 000 exemplaires imprim\u00e9s.<\/li>\n<\/ul>\n<p>*\u00a0<em>TVA non applicable, article 293 B du Code g\u00e9n\u00e9ral des imp\u00f4ts.<\/em><\/p>\n<p><strong>COMMUNICATIONS \u00c9LECTRONIQUES<\/strong><\/p>\n<p><strong>7.1. Newsletter<\/strong><\/p>\n<p>L&rsquo;inscription<\/p>\n<p>Le service de newsletter de VoyageauSahara.com est enti\u00e8rement gratuit. La proc\u00e9dure d&rsquo;abonnement consiste en la simple inscription d&rsquo;une adresse e-mail valide qui deviendra l&rsquo;adresse de r\u00e9f\u00e9rence o\u00f9 sera envoy\u00e9e la newsletter. La validation du formulaire d&rsquo;abonnement entra\u00eene l&rsquo;acceptation pleine et enti\u00e8re par l&rsquo;Utilisateur des conditions g\u00e9n\u00e9rales d&rsquo;utilisation.\u00a0Pour vous inscrire \u00e0 la newsletter indiquez simplement votre adresse e-mail valide, puis cliquez sur \u00ab\u00a0S&rsquo;inscrire\u00a0\u00bb.\u00a0L&rsquo;envoi des\u00a0newsletters aux inscrits n&rsquo;est pas automatique. L&rsquo;envoi s&rsquo;effectue par le biais de l&rsquo;adresse e-mail de r\u00e9f\u00e9rence fournie par l&rsquo;inscrit. Le contenu des newsletters est fourni exclusivement par VoyageauSahara.com.<\/p>\n<p>Le d\u00e9sabonnement<\/p>\n<p>Chaque abonn\u00e9 \u00e0 la newsletter a la possibilit\u00e9 de se\u00a0d\u00e9sabonner\u00a0et poss\u00e8de\u00a0un droit d&rsquo;acc\u00e8s et de modification quant aux informations nominatives le concernant. Les informations recueillies b\u00e9n\u00e9ficient de la protection de la loi \u00ab\u00a0Informatiques et Libert\u00e9s\u00a0\u00bb n\u00b078-17 du 6 janvier 1978. Conform\u00e9ment aux articles 34 de la loi n\u00b078-17 du 6 janvier 1978 relative \u00e0 l&rsquo;informatique, aux fichiers et aux libert\u00e9s, toute personne peut obtenir communication et, le cas \u00e9ch\u00e9ant, rectification ou suppression des informations la concernant. Pour exercer ce droit d&rsquo;acc\u00e8s, envoyez un e-mail \u00e0 VoyageauSahara.com<em><strong>\u00a0<\/strong><\/em>\u00e0 l&rsquo;adresse suivante :\u00a0contact\u00a0{at}\u00a0voyageausahara {point}\u00a0com.\u00a0Vous pouvez vous d\u00e9sabonner de la newsletter \u00e0 tout moment en cliquant sur le lien qui figure \u00e0 la fin de l&rsquo;e-mail de la newsletter.<\/p>\n<p><strong>7.2. Devenir membre de VoyageauSahara.com<\/strong><\/p>\n<p>Inscription au site Internet<\/p>\n<p>Afin de cr\u00e9er un Compte d\u2019Utilisateur, vous devez fournir certaines informations vous concernant, telles que nom et pr\u00e9nom, adresse e-mail et\u00a0autres informations (\u00ab Vos Donn\u00e9es\u00bb).\u00a0En soumettant Vos Donn\u00e9es, vous autorisez VoyageauSahara.com \u00e0 collecter, traiter et enregistrer Vos Donn\u00e9es aux fins de permettre votre utilisation du Site, g\u00e9rer et am\u00e9liorer le Site et votre exp\u00e9rience ceci en conformit\u00e9 avec la Politique de Confidentialit\u00e9 de VoyageauSahara.com et les lois applicables.\u00a0En vous inscrivant au site VoyageauSahara.com, vous acceptez de recevoir des offres, informations, \u00e9chantillons, publicit\u00e9s et e-mails de VoyageauSahara.com.<\/p>\n<p>D\u00e9sinscription<\/p>\n<p>Chaque inscrit au site VoyageauSahara.com a la possibilit\u00e9 de se d\u00e9sinscrire\u00a0et poss\u00e8de\u00a0un droit d&rsquo;acc\u00e8s et de modification quant aux informations nominatives le concernant. Les informations recueillies b\u00e9n\u00e9ficient de la protection de la loi \u00ab\u00a0Informatiques et Libert\u00e9s\u00a0\u00bb n\u00b078-17 du 6 janvier 1978. Conform\u00e9ment aux articles 34 de la loi n\u00b078-17 du 6 janvier 1978 relative \u00e0 l&rsquo;informatique, aux fichiers et aux libert\u00e9s, toute personne peut obtenir communication et, le cas \u00e9ch\u00e9ant, rectification ou suppression des informations la concernant. Pour exercer ce droit d&rsquo;acc\u00e8s, envoyez un e-mail \u00e0\u00a0VoyageauSahara.com<em><strong>\u00a0<\/strong><\/em>\u00e0 l&rsquo;adresse suivante :\u00a0contact\u00a0{at}\u00a0voyageausahara {point}\u00a0com.\u00a0Vous pouvez vous d\u00e9sinscrire du\u00a0site VoyageauSahara.com \u00e0 tout moment en nous faisant la demande par e-mail.<\/p>\n\n\t\t<\/div>\n\t<\/div>\n<\/div><\/div><\/div><\/div><div class=\"vc_row wpb_row vc_row-fluid\"><div class=\"wpb_column vc_column_container vc_col-sm-12\"><div class=\"vc_column-inner\"><div class=\"wpb_wrapper\">\n\t<div class=\"wpb_text_column wpb_content_element\" >\n\t\t<div class=\"wpb_wrapper\">\n\t\t\t<h2>F<a name=\"email\"><\/a>\u00a0\u2013\u00a0EMAIL<\/h2>\n<p><strong>F.1. - TERMS OF USE<\/strong><\/p>\n<p><em>These terms of use explain the operating principle of private or free content at VoyageauSahara.com.<\/em><\/p>\n<p>At VoyageauSahara.com you can see locked content (which requires a login) or content accessible only by e-mail. Sign up, enter your name, or take other actions to access private, free content.<\/p>\n<p><strong>Use of your email address<\/strong><\/p>\n<p>When you enter your email address or if you connect via social networks, you agree that your email address will be added to the subscription list to send informative content, targeted news and special offers. You can unsubscribe at any time by clicking on the link at the end of all emails received from VoyageauSahara.com.<\/p>\n<p><strong>Social apps and permissions<\/strong><\/p>\n<p>When you connect via social networks, VoyageauSahara.com may ask you to grant permissions to read or perform certain social actions. VoyageauSahara.com collects only the following information (according to the privacy policy of the website):<\/p>\n<ul>\n<li>Person's name<\/li>\n<li>Email address<\/li>\n<\/ul>\n<p>VoyageauSahara.com never collects other data and never publishes anything in social networks on your behalf without your authorization.<\/p>\n<p>After unlocking private content, VoyageauSahara.com deletes all access tokens received from you and never uses them again.<\/p>\n<p>If you have any questions regarding this privacy policy, you can contact us.<\/p>\n<p><strong>F.2. - PRIVACY POLICY<\/strong><\/p>\n<p>This Privacy Policy has been compiled to better serve those who are interested in how their personal information is used online.<\/p>\n<p>Please read our Privacy Policy carefully to understand how we collect, use, protect or otherwise manage your personally identifiable information in accordance with our website.<\/p>\n<p><strong>What personal information do we collect from people who visit our site?<\/strong><\/p>\n<p>When you use the VoyageauSahara.com site, as appropriate, you will be asked to enter your name, e-mail address or other details to help you with your experience.<\/p>\n<p><strong>How do we use your information?<\/strong><\/p>\n<p>We may use the information we collect from you when you register for the web documentary, when you sign up for our newsletter, when you unlock content, respond to a survey or marketing communication, browse the website or use certain other features of the site as follows:<\/p>\n<ul>\n<li>To personalize the user experience and to allow us to deliver the type of content and product offerings in which you are most interested.<\/li>\n<li>To improve our website to better serve you.<\/li>\n<li>To allow us to better respond to your customer service requests.<\/li>\n<li>Administer a contest, promotion, survey or any other element of the site.<\/li>\n<li>To send periodic emails regarding your order or other products and services.<\/li>\n<\/ul>\n<p><strong>Do we use \u201ccookies\u201d?<\/strong><\/p>\n<p>Yes. Cookies are small files that a site or service provider transfers to your computer's hard drive through your web browser (if you allow), which enables the site's or service provider's systems to recognize your browser and capture and memorize certain information. For example, we use cookies to help us remember and process the items in your shopping cart. They are also used to help us understand your preferences based on past or current site activity, which enables us to provide you with improved services. We also use cookies to help us compile aggregate data about site traffic and site interaction so that we can offer better site experiences and tools in the future.<\/p>\n<p>We use cookies to:<\/p>\n<ul>\n<li>Understand and save user preferences for future visits.<\/li>\n<li>Remember users who have unlocked access to premium content.<\/li>\n<\/ul>\n<p>If you disable cookies, some features will be disabled. This will affect user experience and some of our services will not work properly.<\/p>\n<p><strong>Third Party Disclosure<\/strong><\/p>\n<p>We do not sell or trade your personally identifiable information to third parties. This does not include web hosting partners and other parties who assist us in operating our website, conducting our business, or servicing you, so long as those parties agree to keep this information confidential. We may also release your information when we believe release is appropriate to comply with the law, enforce our site policies, or protect our rights, property, or safety.<\/p>\n<p>However, non-personally identifiable information may be provided to other parties for marketing, advertising or other purposes.<\/p>\n<p><strong>Third party links<\/strong><\/p>\n<p>Sometimes, at our discretion, we may include or offer third party products or services on our website. These third-party sites have separate and independent privacy policies. We therefore have no responsibility for the content and activities of these linked sites. Nevertheless, we seek to protect the integrity of our site and welcome all feedback on these sites.<\/p>\n<p>If you have any questions regarding this privacy policy, you can contact us.<\/p>\n\n\t\t<\/div>\n\t<\/div>\n<\/div><\/div><\/div><\/div>","protected":false},"excerpt":{"rendered":"MENTIONS\u00a0L\u00c9GALES Directeur de la publication :\u00a0Yassine AISSAOUI Siret : 512 601 105 00020 Code APE : 6201Z Adresse :\u00a03 av. Adrien Mazet, R\u00e9sidence La Carraire, B\u00e2t.<span class=\"excerpt-hellip\"> [\u2026]<\/span>","protected":false},"author":1,"featured_media":0,"parent":0,"menu_order":0,"comment_status":"closed","ping_status":"closed","template":"","meta":{"footnotes":""},"class_list":["post-97","page","type-page","status-publish","hentry"],"yoast_head":"<!-- This site is optimized with the Yoast SEO plugin v26.8 - https:\/\/yoast.com\/product\/yoast-seo-wordpress\/ -->\n<title>Mentions l\u00e9gales<\/title>\n<meta name=\"robots\" content=\"noindex, follow\" \/>\n<meta property=\"og:locale\" content=\"en_GB\" \/>\n<meta property=\"og:type\" content=\"article\" \/>\n<meta property=\"og:title\" content=\"Mentions l\u00e9gales\" \/>\n<meta property=\"og:url\" content=\"https:\/\/voyageausahara.com\/en\/mentions-legales\/\" \/>\n<meta property=\"og:site_name\" content=\"Voyage au Sahara\" \/>\n<meta property=\"article:modified_time\" content=\"2018-03-10T14:03:45+00:00\" \/>\n<meta name=\"twitter:card\" content=\"summary_large_image\" \/>\n<meta name=\"twitter:title\" content=\"Mentions l\u00e9gales\" \/>\n<meta name=\"twitter:label1\" content=\"Estimated reading time\" \/>\n\t<meta name=\"twitter:data1\" content=\"10 minutes\" \/>\n<script type=\"application\/ld+json\" class=\"yoast-schema-graph\">{\"@context\":\"https:\/\/schema.org\",\"@graph\":[{\"@type\":\"WebPage\",\"@id\":\"https:\/\/voyageausahara.com\/en\/mentions-legales\/\",\"url\":\"https:\/\/voyageausahara.com\/en\/mentions-legales\/\",\"name\":\"Mentions l\u00e9gales\",\"isPartOf\":{\"@id\":\"https:\/\/voyageausahara.com\/fr_fr\/#website\"},\"datePublished\":\"2018-03-10T13:18:07+00:00\",\"dateModified\":\"2018-03-10T14:03:45+00:00\",\"breadcrumb\":{\"@id\":\"https:\/\/voyageausahara.com\/en\/mentions-legales\/#breadcrumb\"},\"inLanguage\":\"en-GB\",\"potentialAction\":[{\"@type\":\"ReadAction\",\"target\":[\"https:\/\/voyageausahara.com\/en\/mentions-legales\/\"]}]},{\"@type\":\"BreadcrumbList\",\"@id\":\"https:\/\/voyageausahara.com\/en\/mentions-legales\/#breadcrumb\",\"itemListElement\":[{\"@type\":\"ListItem\",\"position\":1,\"name\":\"Accueil\",\"item\":\"https:\/\/voyageausahara.com\/\"},{\"@type\":\"ListItem\",\"position\":2,\"name\":\"Mentions l\u00e9gales\"}]},{\"@type\":\"WebSite\",\"@id\":\"https:\/\/voyageausahara.com\/fr_fr\/#website\",\"url\":\"https:\/\/voyageausahara.com\/fr_fr\/\",\"name\":\"Voyage au Sahara\",\"description\":\"D\u00e9couvrez la beaut\u00e9 du Sahara et vivez une aventure humaine avec vos amis, votre famille ou d\u2019autres voyageurs avec un guide touristique agr\u00e9\u00e9.\",\"publisher\":{\"@id\":\"https:\/\/voyageausahara.com\/fr_fr\/#organization\"},\"potentialAction\":[{\"@type\":\"SearchAction\",\"target\":{\"@type\":\"EntryPoint\",\"urlTemplate\":\"https:\/\/voyageausahara.com\/fr_fr\/?s={search_term_string}\"},\"query-input\":{\"@type\":\"PropertyValueSpecification\",\"valueRequired\":true,\"valueName\":\"search_term_string\"}}],\"inLanguage\":\"en-GB\"},{\"@type\":\"Organization\",\"@id\":\"https:\/\/voyageausahara.com\/fr_fr\/#organization\",\"name\":\"Voyage au Sahara\",\"url\":\"https:\/\/voyageausahara.com\/fr_fr\/\",\"logo\":{\"@type\":\"ImageObject\",\"inLanguage\":\"en-GB\",\"@id\":\"https:\/\/voyageausahara.com\/fr_fr\/#\/schema\/logo\/image\/\",\"url\":\"https:\/\/voyageausahara.com\/wp-content\/uploads\/2019\/08\/cropped-voyageausahara-logo-color-retina-01.png\",\"contentUrl\":\"https:\/\/voyageausahara.com\/wp-content\/uploads\/2019\/08\/cropped-voyageausahara-logo-color-retina-01.png\",\"width\":678,\"height\":300,\"caption\":\"Voyage au Sahara\"},\"image\":{\"@id\":\"https:\/\/voyageausahara.com\/fr_fr\/#\/schema\/logo\/image\/\"}}]}<\/script>\n<!-- \/ Yoast SEO plugin. -->","yoast_head_json":{"title":"Legal Notice","robots":{"index":"noindex","follow":"follow"},"og_locale":"en_GB","og_type":"article","og_title":"Mentions l\u00e9gales","og_url":"https:\/\/voyageausahara.com\/en\/mentions-legales\/","og_site_name":"Voyage au Sahara","article_modified_time":"2018-03-10T14:03:45+00:00","twitter_card":"summary_large_image","twitter_title":"Mentions l\u00e9gales","twitter_misc":{"Estimated reading time":"10 minutes"},"schema":{"@context":"https:\/\/schema.org","@graph":[{"@type":"WebPage","@id":"https:\/\/voyageausahara.com\/en\/mentions-legales\/","url":"https:\/\/voyageausahara.com\/en\/mentions-legales\/","name":"Legal Notice","isPartOf":{"@id":"https:\/\/voyageausahara.com\/fr_fr\/#website"},"datePublished":"2018-03-10T13:18:07+00:00","dateModified":"2018-03-10T14:03:45+00:00","breadcrumb":{"@id":"https:\/\/voyageausahara.com\/en\/mentions-legales\/#breadcrumb"},"inLanguage":"en-GB","potentialAction":[{"@type":"ReadAction","target":["https:\/\/voyageausahara.com\/en\/mentions-legales\/"]}]},{"@type":"BreadcrumbList","@id":"https:\/\/voyageausahara.com\/en\/mentions-legales\/#breadcrumb","itemListElement":[{"@type":"ListItem","position":1,"name":"Accueil","item":"https:\/\/voyageausahara.com\/"},{"@type":"ListItem","position":2,"name":"Mentions l\u00e9gales"}]},{"@type":"WebSite","@id":"https:\/\/voyageausahara.com\/fr_fr\/#website","url":"https:\/\/voyageausahara.com\/fr_fr\/","name":"Voyage au Sahara","description":"D\u00e9couvrez la beaut\u00e9 du Sahara et vivez une aventure humaine avec vos amis, votre famille ou d\u2019autres voyageurs avec un guide touristique agr\u00e9\u00e9.","publisher":{"@id":"https:\/\/voyageausahara.com\/fr_fr\/#organization"},"potentialAction":[{"@type":"SearchAction","target":{"@type":"EntryPoint","urlTemplate":"https:\/\/voyageausahara.com\/fr_fr\/?s={search_term_string}"},"query-input":{"@type":"PropertyValueSpecification","valueRequired":true,"valueName":"search_term_string"}}],"inLanguage":"en-GB"},{"@type":"Organization","@id":"https:\/\/voyageausahara.com\/fr_fr\/#organization","name":"Voyage au Sahara","url":"https:\/\/voyageausahara.com\/fr_fr\/","logo":{"@type":"ImageObject","inLanguage":"en-GB","@id":"https:\/\/voyageausahara.com\/fr_fr\/#\/schema\/logo\/image\/","url":"https:\/\/voyageausahara.com\/wp-content\/uploads\/2019\/08\/cropped-voyageausahara-logo-color-retina-01.png","contentUrl":"https:\/\/voyageausahara.com\/wp-content\/uploads\/2019\/08\/cropped-voyageausahara-logo-color-retina-01.png","width":678,"height":300,"caption":"Voyage au Sahara"},"image":{"@id":"https:\/\/voyageausahara.com\/fr_fr\/#\/schema\/logo\/image\/"}}]}},"_links":{"self":[{"href":"https:\/\/voyageausahara.com\/en\/wp-json\/wp\/v2\/pages\/97","targetHints":{"allow":["GET"]}}],"collection":[{"href":"https:\/\/voyageausahara.com\/en\/wp-json\/wp\/v2\/pages"}],"about":[{"href":"https:\/\/voyageausahara.com\/en\/wp-json\/wp\/v2\/types\/page"}],"author":[{"embeddable":true,"href":"https:\/\/voyageausahara.com\/en\/wp-json\/wp\/v2\/users\/1"}],"replies":[{"embeddable":true,"href":"https:\/\/voyageausahara.com\/en\/wp-json\/wp\/v2\/comments?post=97"}],"version-history":[{"count":2,"href":"https:\/\/voyageausahara.com\/en\/wp-json\/wp\/v2\/pages\/97\/revisions"}],"predecessor-version":[{"id":99,"href":"https:\/\/voyageausahara.com\/en\/wp-json\/wp\/v2\/pages\/97\/revisions\/99"}],"wp:attachment":[{"href":"https:\/\/voyageausahara.com\/en\/wp-json\/wp\/v2\/media?parent=97"}],"curies":[{"name":"wp","href":"https:\/\/api.w.org\/{rel}","templated":true}]}}