{"id":100,"date":"2018-03-10T14:51:20","date_gmt":"2018-03-10T13:51:20","guid":{"rendered":"https:\/\/voyageausahara.com\/?page_id=100"},"modified":"2019-08-17T18:18:28","modified_gmt":"2019-08-17T16:18:28","slug":"histoire","status":"publish","type":"page","link":"https:\/\/voyageausahara.com\/fr_fr\/histoire\/","title":{"rendered":"Histoire"},"content":{"rendered":"<div class=\"vc_row wpb_row vc_row-fluid\"><div class=\"wpb_column vc_column_container vc_col-sm-12\"><div class=\"vc_column-inner\"><div class=\"wpb_wrapper\"><h1 style=\"text-align: left;font-family:Rubik Mono One;font-weight:400;font-style:normal\" class=\"vc_custom_heading\" >L'Histoire de VoyageauSahara.com<\/h1><div class=\"vc_empty_space\"   style=\"height: 32px\"><span class=\"vc_empty_space_inner\"><\/span><\/div><\/div><\/div><\/div><\/div><div class=\"vc_row wpb_row vc_row-fluid\"><div class=\"wpb_column vc_column_container vc_col-sm-12\"><div class=\"vc_column-inner\"><div class=\"wpb_wrapper\"><h2 style=\"text-align: left;font-family:Rubik Mono One;font-weight:400;font-style:normal\" class=\"vc_custom_heading\" >Lancement de VoyageauSahara.com<\/h2>\n\t<div class=\"wpb_text_column wpb_content_element \" >\n\t\t<div class=\"wpb_wrapper\">\n\t\t\t<p>Le site VoyageauSahara.com est parti d&rsquo;une id\u00e9e simple : raconter un voyage sous forme de vid\u00e9os.<\/p>\n<p>Suite \u00e0 un s\u00e9jour \u00e0 Istanbul (le carrefour des civilisations), en 2014, nous avons vu les grands monuments et les lieux qu&rsquo;il fallait visiter : la tour Galata, la place Taksim, le mosqu\u00e9e R\u00fcstem Pacha, la mosqu\u00e9e Bleue, la mosqu\u00e9e Sainte-Sophie, la mosqu\u00e9e S\u00fcleymaniye con\u00e7ue par l&rsquo;architecte Sinan pour le sultan Soliman le Magnifique, le Grand Bazar, le parc Miniat\u00fcrk, Saint-Sauveur-in-Chora&#8230;<\/p>\n<p>La photo est notre passion. Plus de 3 500 photos ont \u00e9t\u00e9 prises lors de ce s\u00e9jour touristique. Que pouvions-nous faire de toutes ces photos ? Nous avons donc pens\u00e9 : \u00ab\u00a0Pourquoi ne pas cr\u00e9er un site Internet sur Istanbul ? Une sorte de guide.\u00a0\u00bb Pourquoi ne pas cr\u00e9er un guide de voyage \u00e0 Istanbul ? C&rsquo;est l\u00e0 qu&rsquo;est venue l&rsquo;id\u00e9e de cr\u00e9er VoyageauSahara.com.<\/p>\n<p>Quatre ann\u00e9es apr\u00e8s le site VoyageauSahara.com a \u00e9t\u00e9 lanc\u00e9.<\/p>\n\n\t\t<\/div>\n\t<\/div>\n<\/div><\/div><\/div><\/div><div class=\"vc_row wpb_row vc_row-fluid\"><div class=\"wpb_column vc_column_container vc_col-sm-6\"><div class=\"vc_column-inner\"><div class=\"wpb_wrapper\">\n\t<div  class=\"wpb_single_image wpb_content_element vc_align_left\">\n\t\t\n\t\t<figure class=\"wpb_wrapper vc_figure\">\n\t\t\t<div class=\"vc_single_image-wrapper   vc_box_border_grey\"><img loading=\"lazy\" decoding=\"async\" width=\"700\" height=\"467\" src=\"https:\/\/voyageausahara.com\/wp-content\/uploads\/2019\/02\/sahara-algerien-t-shirt-tea-in-the-sahara_700px.jpg\" class=\"vc_single_image-img attachment-large\" alt=\"Le responsable du site Voyage au Sahara\" title=\"Le responsable du site Voyage au Sahara\" srcset=\"https:\/\/voyageausahara.com\/wp-content\/uploads\/2019\/02\/sahara-algerien-t-shirt-tea-in-the-sahara_700px.jpg 700w, https:\/\/voyageausahara.com\/wp-content\/uploads\/2019\/02\/sahara-algerien-t-shirt-tea-in-the-sahara_700px-300x200.jpg 300w, https:\/\/voyageausahara.com\/wp-content\/uploads\/2019\/02\/sahara-algerien-t-shirt-tea-in-the-sahara_700px-219x146.jpg 219w, https:\/\/voyageausahara.com\/wp-content\/uploads\/2019\/02\/sahara-algerien-t-shirt-tea-in-the-sahara_700px-50x33.jpg 50w, https:\/\/voyageausahara.com\/wp-content\/uploads\/2019\/02\/sahara-algerien-t-shirt-tea-in-the-sahara_700px-112x75.jpg 112w\" sizes=\"auto, (max-width:767px) 480px, 700px\" \/><\/div>\n\t\t<\/figure>\n\t<\/div>\n\n\t<div class=\"wpb_text_column wpb_content_element \" >\n\t\t<div class=\"wpb_wrapper\">\n\t\t\t<p><em>Yassine A., professionnel du webmarketing depuis 2008 et responsable du site VoyageauSahara.com.<\/em><\/p>\n\n\t\t<\/div>\n\t<\/div>\n<\/div><\/div><\/div><div class=\"wpb_column vc_column_container vc_col-sm-6\"><div class=\"vc_column-inner\"><div class=\"wpb_wrapper\"><h2 style=\"text-align: left;font-family:Rubik Mono One;font-weight:400;font-style:normal\" class=\"vc_custom_heading\" >Le vlog<\/h2>\n\t<div class=\"wpb_text_column wpb_content_element \" >\n\t\t<div class=\"wpb_wrapper\">\n\t\t\t<p>Il y avait un probl\u00e8me : comment pr\u00e9senter toutes ces photos et ces vid\u00e9os en ligne ? Comment les rendre priv\u00e9es ? Comment cr\u00e9er un acc\u00e8s payant \u00e0 ce guide de voyage sur Internet ?<\/p>\n<p>Chaque probl\u00e8me a une solution ! Fin 2016 nous avons commenc\u00e9 \u00e0 utiliser une solution permettant de cr\u00e9er un site \u00e0 acc\u00e8s priv\u00e9.<\/p>\n<p>Maintenant VoyageauSahara.com est lanc\u00e9. Le projet \u00e9tait pharaonique. Le plus difficile, c&rsquo;\u00e9tait la r\u00e9alisation du web documentaire. Il y a eu des moments de doutes. Beaucoup de questions. De la r\u00e9flexion.<\/p>\n<p>Aujourd&rsquo;hui le webdocumentaire a laiss\u00e9 place \u00e0 un <a href=\"https:\/\/www.youtube.com\/channel\/UCs7S6JynUallz1V8DjPj1KQ?sub_confirmation=1\"><strong>vlog dans YouTube<\/strong><\/a>. Les vid\u00e9os ne sont plus priv\u00e9es mais publiques. Chacun peut liker et partager les vid\u00e9os, s&rsquo;abonner \u00e0 <a href=\"https:\/\/www.youtube.com\/channel\/UCs7S6JynUallz1V8DjPj1KQ?sub_confirmation=1\">notre cha\u00eene YouTube Voyage au Sahara<\/a>\u00a0pour \u00eatre notifi\u00e9 des nouvelles publications.<\/p>\n\n\t\t<\/div>\n\t<\/div>\n<\/div><\/div><\/div><\/div><div class=\"vc_row wpb_row vc_row-fluid\"><div class=\"wpb_column vc_column_container vc_col-sm-6\"><div class=\"vc_column-inner\"><div class=\"wpb_wrapper\"><h2 style=\"text-align: left;font-family:Rubik Mono One;font-weight:400;font-style:normal\" class=\"vc_custom_heading\" >Les voyages organis\u00e9s<\/h2>\n\t<div class=\"wpb_text_column wpb_content_element \" >\n\t\t<div class=\"wpb_wrapper\">\n\t\t\t<p>Apr\u00e8s le lancement du webdocumentaire sur le Sahara nous avons remarqu\u00e9 que d&rsquo;autres randonneurs et touristes fran\u00e7ais mais aussi des Suisses, des Allemands, des Hollandais de tous \u00e2ges \u00e9taient\u00a0attir\u00e9s par la beaut\u00e9 naturelle du Sahara. Il y a tout un monde qui aimerait \u00eatre au contact de cette merveille du monde.<\/p>\n<p>\u00c9tant donn\u00e9 que nous sommes en contact avec des guides touristiques exp\u00e9riment\u00e9s (et de confiance), nous avons fait de VoyageauSahara.com une plateforme qui r\u00e9f\u00e9rence leurs circuits.<\/p>\n<p>Aujourd&rsquo;hui le site VoyageauSahara.com propose une page de <a href=\"https:\/\/voyageausahara.com\/reservation\/\">r\u00e9servation en ligne de voyages organis\u00e9s au Sahara<\/a>. C&rsquo;est un service qui met en relation des randonneurs\/touristes avec des agences touristiques locales. VoyageauSahara.com est devenu naturellement une plateforme qui rend visible les meilleurs guides touristiques professionnels aupr\u00e8s des randonneurs\/touristes du monde entier.<\/p>\n\n\t\t<\/div>\n\t<\/div>\n<\/div><\/div><\/div><div class=\"wpb_column vc_column_container vc_col-sm-6\"><div class=\"vc_column-inner\"><div class=\"wpb_wrapper\">\n\t<div  class=\"wpb_single_image wpb_content_element vc_align_left\">\n\t\t\n\t\t<figure class=\"wpb_wrapper vc_figure\">\n\t\t\t<div class=\"vc_single_image-wrapper   vc_box_border_grey\"><img loading=\"lazy\" decoding=\"async\" width=\"600\" height=\"400\" src=\"https:\/\/voyageausahara.com\/wp-content\/uploads\/2019\/02\/sahara-algerien-tadrart-114_ook.jpg\" class=\"vc_single_image-img attachment-large\" alt=\"Voyages organis\u00e9s dans le d\u00e9sert de la Tadrart\" title=\"D\u00e9sert de la Tadrart\" srcset=\"https:\/\/voyageausahara.com\/wp-content\/uploads\/2019\/02\/sahara-algerien-tadrart-114_ook.jpg 600w, https:\/\/voyageausahara.com\/wp-content\/uploads\/2019\/02\/sahara-algerien-tadrart-114_ook-300x200.jpg 300w, https:\/\/voyageausahara.com\/wp-content\/uploads\/2019\/02\/sahara-algerien-tadrart-114_ook-219x146.jpg 219w, https:\/\/voyageausahara.com\/wp-content\/uploads\/2019\/02\/sahara-algerien-tadrart-114_ook-50x33.jpg 50w, https:\/\/voyageausahara.com\/wp-content\/uploads\/2019\/02\/sahara-algerien-tadrart-114_ook-113x75.jpg 113w\" sizes=\"auto, (max-width:767px) 480px, 600px\" \/><\/div>\n\t\t<\/figure>\n\t<\/div>\n\n\t<div class=\"wpb_text_column wpb_content_element \" >\n\t\t<div class=\"wpb_wrapper\">\n\t\t\t<p><em>Voyage organis\u00e9 en groupe dans le d\u00e9sert de la Tadrart.<\/em><\/p>\n\n\t\t<\/div>\n\t<\/div>\n<\/div><\/div><\/div><\/div>\n","protected":false},"excerpt":{"rendered":"L'Histoire de VoyageauSahara.comLancement de VoyageauSahara.com Le site VoyageauSahara.com est parti d'une id\u00e9e simple : raconter un voyage sous forme de vid\u00e9os. Suite \u00e0 un s\u00e9jour \u00e0<span class=\"excerpt-hellip\"> [\u2026]<\/span>","protected":false},"author":1,"featured_media":0,"parent":0,"menu_order":0,"comment_status":"closed","ping_status":"closed","template":"","meta":{"footnotes":""},"class_list":["post-100","page","type-page","status-publish","hentry"],"yoast_head":"<!-- This site is optimized with the Yoast SEO plugin v26.8 - https:\/\/yoast.com\/product\/yoast-seo-wordpress\/ -->\n<title>L&#039;Histoire de VoyageauSahara.com<\/title>\n<meta name=\"description\" content=\"VoyageauSahara.com est un service qui met en relation des randonneurs \/ touristes avec des agences touristiques locales.\" \/>\n<meta name=\"robots\" content=\"index, follow, max-snippet:-1, max-image-preview:large, max-video-preview:-1\" \/>\n<link rel=\"canonical\" href=\"https:\/\/voyageausahara.com\/fr_fr\/histoire\/\" \/>\n<meta property=\"og:locale\" content=\"fr_FR\" \/>\n<meta property=\"og:type\" content=\"article\" \/>\n<meta property=\"og:title\" content=\"L&#039;Histoire de VoyageauSahara.com\" \/>\n<meta property=\"og:description\" content=\"VoyageauSahara.com est un service qui met en relation des randonneurs \/ touristes avec des agences touristiques locales.\" \/>\n<meta property=\"og:url\" content=\"https:\/\/voyageausahara.com\/fr_fr\/histoire\/\" \/>\n<meta property=\"og:site_name\" content=\"Voyage au Sahara\" \/>\n<meta property=\"article:modified_time\" content=\"2019-08-17T16:18:28+00:00\" \/>\n<meta property=\"og:image\" content=\"https:\/\/voyageausahara.com\/wp-content\/uploads\/2018\/08\/sahara-algerien-erg-admer-60.jpg\" \/>\n\t<meta property=\"og:image:width\" content=\"583\" \/>\n\t<meta property=\"og:image:height\" content=\"298\" \/>\n\t<meta property=\"og:image:type\" content=\"image\/jpeg\" \/>\n<meta name=\"twitter:card\" content=\"summary_large_image\" \/>\n<meta name=\"twitter:title\" content=\"L&#039;Histoire de VoyageauSahara.com\" \/>\n<meta name=\"twitter:description\" content=\"VoyageauSahara.com est un service qui met en relation des randonneurs \/ touristes avec des agences touristiques locales.\" \/>\n<meta name=\"twitter:image\" content=\"https:\/\/voyageausahara.com\/wp-content\/uploads\/2018\/08\/sahara-algerien-erg-admer-60.jpg\" \/>\n<meta name=\"twitter:label1\" content=\"Dur\u00e9e de lecture estim\u00e9e\" \/>\n\t<meta name=\"twitter:data1\" content=\"3 minutes\" \/>\n<script type=\"application\/ld+json\" class=\"yoast-schema-graph\">{\"@context\":\"https:\/\/schema.org\",\"@graph\":[{\"@type\":\"WebPage\",\"@id\":\"https:\/\/voyageausahara.com\/fr_fr\/histoire\/\",\"url\":\"https:\/\/voyageausahara.com\/fr_fr\/histoire\/\",\"name\":\"L'Histoire de VoyageauSahara.com\",\"isPartOf\":{\"@id\":\"https:\/\/voyageausahara.com\/fr_fr\/#website\"},\"datePublished\":\"2018-03-10T13:51:20+00:00\",\"dateModified\":\"2019-08-17T16:18:28+00:00\",\"description\":\"VoyageauSahara.com est un service qui met en relation des randonneurs \/ touristes avec des agences touristiques locales.\",\"breadcrumb\":{\"@id\":\"https:\/\/voyageausahara.com\/fr_fr\/histoire\/#breadcrumb\"},\"inLanguage\":\"fr-FR\",\"potentialAction\":[{\"@type\":\"ReadAction\",\"target\":[\"https:\/\/voyageausahara.com\/fr_fr\/histoire\/\"]}]},{\"@type\":\"BreadcrumbList\",\"@id\":\"https:\/\/voyageausahara.com\/fr_fr\/histoire\/#breadcrumb\",\"itemListElement\":[{\"@type\":\"ListItem\",\"position\":1,\"name\":\"Accueil\",\"item\":\"https:\/\/voyageausahara.com\/\"},{\"@type\":\"ListItem\",\"position\":2,\"name\":\"Histoire\"}]},{\"@type\":\"WebSite\",\"@id\":\"https:\/\/voyageausahara.com\/fr_fr\/#website\",\"url\":\"https:\/\/voyageausahara.com\/fr_fr\/\",\"name\":\"Voyage au Sahara\",\"description\":\"D\u00e9couvrez la beaut\u00e9 du Sahara et vivez une aventure humaine avec vos amis, votre famille ou d\u2019autres voyageurs avec un guide touristique agr\u00e9\u00e9.\",\"publisher\":{\"@id\":\"https:\/\/voyageausahara.com\/fr_fr\/#organization\"},\"potentialAction\":[{\"@type\":\"SearchAction\",\"target\":{\"@type\":\"EntryPoint\",\"urlTemplate\":\"https:\/\/voyageausahara.com\/fr_fr\/?s={search_term_string}\"},\"query-input\":{\"@type\":\"PropertyValueSpecification\",\"valueRequired\":true,\"valueName\":\"search_term_string\"}}],\"inLanguage\":\"fr-FR\"},{\"@type\":\"Organization\",\"@id\":\"https:\/\/voyageausahara.com\/fr_fr\/#organization\",\"name\":\"Voyage au Sahara\",\"url\":\"https:\/\/voyageausahara.com\/fr_fr\/\",\"logo\":{\"@type\":\"ImageObject\",\"inLanguage\":\"fr-FR\",\"@id\":\"https:\/\/voyageausahara.com\/fr_fr\/#\/schema\/logo\/image\/\",\"url\":\"https:\/\/voyageausahara.com\/wp-content\/uploads\/2019\/08\/cropped-voyageausahara-logo-color-retina-01.png\",\"contentUrl\":\"https:\/\/voyageausahara.com\/wp-content\/uploads\/2019\/08\/cropped-voyageausahara-logo-color-retina-01.png\",\"width\":678,\"height\":300,\"caption\":\"Voyage au Sahara\"},\"image\":{\"@id\":\"https:\/\/voyageausahara.com\/fr_fr\/#\/schema\/logo\/image\/\"}}]}<\/script>\n<!-- \/ Yoast SEO plugin. -->","yoast_head_json":{"title":"L'Histoire de VoyageauSahara.com","description":"VoyageauSahara.com est un service qui met en relation des randonneurs \/ touristes avec des agences touristiques locales.","robots":{"index":"index","follow":"follow","max-snippet":"max-snippet:-1","max-image-preview":"max-image-preview:large","max-video-preview":"max-video-preview:-1"},"canonical":"https:\/\/voyageausahara.com\/fr_fr\/histoire\/","og_locale":"fr_FR","og_type":"article","og_title":"L'Histoire de VoyageauSahara.com","og_description":"VoyageauSahara.com est un service qui met en relation des randonneurs \/ touristes avec des agences touristiques locales.","og_url":"https:\/\/voyageausahara.com\/fr_fr\/histoire\/","og_site_name":"Voyage au Sahara","article_modified_time":"2019-08-17T16:18:28+00:00","og_image":[{"width":583,"height":298,"url":"https:\/\/voyageausahara.com\/wp-content\/uploads\/2018\/08\/sahara-algerien-erg-admer-60.jpg","type":"image\/jpeg"}],"twitter_card":"summary_large_image","twitter_title":"L'Histoire de VoyageauSahara.com","twitter_description":"VoyageauSahara.com est un service qui met en relation des randonneurs \/ touristes avec des agences touristiques locales.","twitter_image":"https:\/\/voyageausahara.com\/wp-content\/uploads\/2018\/08\/sahara-algerien-erg-admer-60.jpg","twitter_misc":{"Dur\u00e9e de lecture estim\u00e9e":"3 minutes"},"schema":{"@context":"https:\/\/schema.org","@graph":[{"@type":"WebPage","@id":"https:\/\/voyageausahara.com\/fr_fr\/histoire\/","url":"https:\/\/voyageausahara.com\/fr_fr\/histoire\/","name":"L'Histoire de VoyageauSahara.com","isPartOf":{"@id":"https:\/\/voyageausahara.com\/fr_fr\/#website"},"datePublished":"2018-03-10T13:51:20+00:00","dateModified":"2019-08-17T16:18:28+00:00","description":"VoyageauSahara.com est un service qui met en relation des randonneurs \/ touristes avec des agences touristiques locales.","breadcrumb":{"@id":"https:\/\/voyageausahara.com\/fr_fr\/histoire\/#breadcrumb"},"inLanguage":"fr-FR","potentialAction":[{"@type":"ReadAction","target":["https:\/\/voyageausahara.com\/fr_fr\/histoire\/"]}]},{"@type":"BreadcrumbList","@id":"https:\/\/voyageausahara.com\/fr_fr\/histoire\/#breadcrumb","itemListElement":[{"@type":"ListItem","position":1,"name":"Accueil","item":"https:\/\/voyageausahara.com\/"},{"@type":"ListItem","position":2,"name":"Histoire"}]},{"@type":"WebSite","@id":"https:\/\/voyageausahara.com\/fr_fr\/#website","url":"https:\/\/voyageausahara.com\/fr_fr\/","name":"Voyage au Sahara","description":"D\u00e9couvrez la beaut\u00e9 du Sahara et vivez une aventure humaine avec vos amis, votre famille ou d\u2019autres voyageurs avec un guide touristique agr\u00e9\u00e9.","publisher":{"@id":"https:\/\/voyageausahara.com\/fr_fr\/#organization"},"potentialAction":[{"@type":"SearchAction","target":{"@type":"EntryPoint","urlTemplate":"https:\/\/voyageausahara.com\/fr_fr\/?s={search_term_string}"},"query-input":{"@type":"PropertyValueSpecification","valueRequired":true,"valueName":"search_term_string"}}],"inLanguage":"fr-FR"},{"@type":"Organization","@id":"https:\/\/voyageausahara.com\/fr_fr\/#organization","name":"Voyage au Sahara","url":"https:\/\/voyageausahara.com\/fr_fr\/","logo":{"@type":"ImageObject","inLanguage":"fr-FR","@id":"https:\/\/voyageausahara.com\/fr_fr\/#\/schema\/logo\/image\/","url":"https:\/\/voyageausahara.com\/wp-content\/uploads\/2019\/08\/cropped-voyageausahara-logo-color-retina-01.png","contentUrl":"https:\/\/voyageausahara.com\/wp-content\/uploads\/2019\/08\/cropped-voyageausahara-logo-color-retina-01.png","width":678,"height":300,"caption":"Voyage au Sahara"},"image":{"@id":"https:\/\/voyageausahara.com\/fr_fr\/#\/schema\/logo\/image\/"}}]}},"_links":{"self":[{"href":"https:\/\/voyageausahara.com\/fr_fr\/wp-json\/wp\/v2\/pages\/100","targetHints":{"allow":["GET"]}}],"collection":[{"href":"https:\/\/voyageausahara.com\/fr_fr\/wp-json\/wp\/v2\/pages"}],"about":[{"href":"https:\/\/voyageausahara.com\/fr_fr\/wp-json\/wp\/v2\/types\/page"}],"author":[{"embeddable":true,"href":"https:\/\/voyageausahara.com\/fr_fr\/wp-json\/wp\/v2\/users\/1"}],"replies":[{"embeddable":true,"href":"https:\/\/voyageausahara.com\/fr_fr\/wp-json\/wp\/v2\/comments?post=100"}],"version-history":[{"count":25,"href":"https:\/\/voyageausahara.com\/fr_fr\/wp-json\/wp\/v2\/pages\/100\/revisions"}],"predecessor-version":[{"id":1208,"href":"https:\/\/voyageausahara.com\/fr_fr\/wp-json\/wp\/v2\/pages\/100\/revisions\/1208"}],"wp:attachment":[{"href":"https:\/\/voyageausahara.com\/fr_fr\/wp-json\/wp\/v2\/media?parent=100"}],"curies":[{"name":"wp","href":"https:\/\/api.w.org\/{rel}","templated":true}]}}