{"id":1128,"date":"2019-03-24T13:33:57","date_gmt":"2019-03-24T12:33:57","guid":{"rendered":"https:\/\/voyageausahara.com\/?page_id=1128"},"modified":"2019-03-24T13:33:57","modified_gmt":"2019-03-24T12:33:57","slug":"story","status":"publish","type":"page","link":"https:\/\/voyageausahara.com\/fr_fr\/story\/","title":{"rendered":"Our story"},"content":{"rendered":"<div class=\"vc_row wpb_row vc_row-fluid\"><div class=\"wpb_column vc_column_container vc_col-sm-12\"><div class=\"vc_column-inner\"><div class=\"wpb_wrapper\"><h1 style=\"text-align: left;font-family:Rubik Mono One;font-weight:400;font-style:normal\" class=\"vc_custom_heading\" >The Story of VoyageauSahara.com<\/h1><div class=\"vc_empty_space\"   style=\"height: 32px\"><span class=\"vc_empty_space_inner\"><\/span><\/div><\/div><\/div><\/div><\/div><div class=\"vc_row wpb_row vc_row-fluid\"><div class=\"wpb_column vc_column_container vc_col-sm-12\"><div class=\"vc_column-inner\"><div class=\"wpb_wrapper\"><h2 style=\"text-align: left;font-family:Rubik Mono One;font-weight:400;font-style:normal\" class=\"vc_custom_heading\" >Lancement de VoyageauSahara.com<\/h2>\n\t<div class=\"wpb_text_column wpb_content_element \" >\n\t\t<div class=\"wpb_wrapper\">\n\t\t\t<p>The site VoyageauSahara.com started from a simple idea: tell a story of a trip in the form of private videos.<\/p>\n<p>Following a stay in Istanbul (the crossroads of civilization) in 2014, we saw the great monuments and places to visit: the Galata Tower, Taksim Square, the R\u00fcstem Pasha Mosque, the Blue Mosque, the mosque Hagia Sophia, the S\u00fcleymaniye Mosque designed by architect Sinan for Sultan Suleiman the Magnificent, the Grand Bazaar, Miniat\u00fcrk Park, Saint-Sauveur-in-Chora&#8230;<\/p>\n<p>The photo is our passion. More than 3,500 photos were taken during this tourist trip. What could we do with all these photos? So we thought, \u00ab\u00a0Why not create a website on Istanbul &#8211; a kind of guide.\u00a0\u00bb Why not create a travel guide to Istanbul? This is where the idea of creating VoyageauSahara.com came from.<\/p>\n<p>After four years the VoyageauSahara.com website was launched.<\/p>\n\n\t\t<\/div>\n\t<\/div>\n<\/div><\/div><\/div><\/div><div class=\"vc_row wpb_row vc_row-fluid\"><div class=\"wpb_column vc_column_container vc_col-sm-6\"><div class=\"vc_column-inner\"><div class=\"wpb_wrapper\">\n\t<div  class=\"wpb_single_image wpb_content_element vc_align_left\">\n\t\t\n\t\t<figure class=\"wpb_wrapper vc_figure\">\n\t\t\t<div class=\"vc_single_image-wrapper   vc_box_border_grey\"><img loading=\"lazy\" decoding=\"async\" width=\"700\" height=\"467\" src=\"https:\/\/voyageausahara.com\/wp-content\/uploads\/2019\/02\/sahara-algerien-t-shirt-tea-in-the-sahara_700px.jpg\" class=\"vc_single_image-img attachment-large\" alt=\"Le responsable du site Voyage au Sahara\" title=\"Le responsable du site Voyage au Sahara\" srcset=\"https:\/\/voyageausahara.com\/wp-content\/uploads\/2019\/02\/sahara-algerien-t-shirt-tea-in-the-sahara_700px.jpg 700w, https:\/\/voyageausahara.com\/wp-content\/uploads\/2019\/02\/sahara-algerien-t-shirt-tea-in-the-sahara_700px-300x200.jpg 300w, https:\/\/voyageausahara.com\/wp-content\/uploads\/2019\/02\/sahara-algerien-t-shirt-tea-in-the-sahara_700px-219x146.jpg 219w, https:\/\/voyageausahara.com\/wp-content\/uploads\/2019\/02\/sahara-algerien-t-shirt-tea-in-the-sahara_700px-50x33.jpg 50w, https:\/\/voyageausahara.com\/wp-content\/uploads\/2019\/02\/sahara-algerien-t-shirt-tea-in-the-sahara_700px-112x75.jpg 112w\" sizes=\"auto, (max-width:767px) 480px, 700px\" \/><\/div>\n\t\t<\/figure>\n\t<\/div>\n\n\t<div class=\"wpb_text_column wpb_content_element \" >\n\t\t<div class=\"wpb_wrapper\">\n\t\t\t<p>Yassine A., webmarketing professional since 2008 and manager of VoyageauSahara.com.<\/p>\n\n\t\t<\/div>\n\t<\/div>\n<\/div><\/div><\/div><div class=\"wpb_column vc_column_container vc_col-sm-6\"><div class=\"vc_column-inner\"><div class=\"wpb_wrapper\"><h2 style=\"text-align: left;font-family:Rubik Mono One;font-weight:400;font-style:normal\" class=\"vc_custom_heading\" >The Vlog<\/h2>\n\t<div class=\"wpb_text_column wpb_content_element \" >\n\t\t<div class=\"wpb_wrapper\">\n\t\t\t<p>There was a problem: how to present all these photos and videos online? How to make them private? How to create paid access to this Internet travel guide?<\/p>\n<p>Every problem has a solution! At the end of 2016 we started using a solution to create a private access site.<\/p>\n<p>Now VoyageauSahara.com is launched. The project was pharaonic. The most difficult thing was the realization of the web documentary. There were moments of doubt. A lot of questions and thought.<\/p>\n<p>Today the webdocumentary has given way to a vlog in YouTube. The videos are no longer private but public. Everyone can like and share videos, subscribe to our Sahara Travel YouTube channel to be notified of new publications.<\/p>\n\n\t\t<\/div>\n\t<\/div>\n<\/div><\/div><\/div><\/div><div class=\"vc_row wpb_row vc_row-fluid\"><div class=\"wpb_column vc_column_container vc_col-sm-6\"><div class=\"vc_column-inner\"><div class=\"wpb_wrapper\"><h2 style=\"text-align: left;font-family:Rubik Mono One;font-weight:400;font-style:normal\" class=\"vc_custom_heading\" >Les voyages organis\u00e9s<\/h2>\n\t<div class=\"wpb_text_column wpb_content_element \" >\n\t\t<div class=\"wpb_wrapper\">\n\t\t\t<p>After the launch of the webdocumentary on the Sahara we noticed that other hikers and tourists French but also Swiss, Germans, Dutch of all ages were attracted by the natural beauty of the Sahara. There is a whole world that would like to be in contact with this wonder of the world.<\/p>\n<p>Since we are in contact with the best local guides of the Algerian desert, we have made VoyageauSahara.com a booking service for organized trips by 4&#215;4.<\/p>\n<p>Today VoyageauSahara.com has an online booking page of organized trips to the Sahara. It is a service that connects hikers \/ tourists with local tourist agencies. In other words, VoyageauSahara.com is a platform that makes visible the best professional tour guides for hikers \/ tourists from all over the world.<\/p>\n\n\t\t<\/div>\n\t<\/div>\n<\/div><\/div><\/div><div class=\"wpb_column vc_column_container vc_col-sm-6\"><div class=\"vc_column-inner\"><div class=\"wpb_wrapper\">\n\t<div  class=\"wpb_single_image wpb_content_element vc_align_left\">\n\t\t\n\t\t<figure class=\"wpb_wrapper vc_figure\">\n\t\t\t<div class=\"vc_single_image-wrapper   vc_box_border_grey\"><img loading=\"lazy\" decoding=\"async\" width=\"600\" height=\"400\" src=\"https:\/\/voyageausahara.com\/wp-content\/uploads\/2019\/02\/sahara-algerien-tadrart-114_ook.jpg\" class=\"vc_single_image-img attachment-large\" alt=\"Voyages organis\u00e9s dans le d\u00e9sert de la Tadrart\" title=\"D\u00e9sert de la Tadrart\" srcset=\"https:\/\/voyageausahara.com\/wp-content\/uploads\/2019\/02\/sahara-algerien-tadrart-114_ook.jpg 600w, https:\/\/voyageausahara.com\/wp-content\/uploads\/2019\/02\/sahara-algerien-tadrart-114_ook-300x200.jpg 300w, https:\/\/voyageausahara.com\/wp-content\/uploads\/2019\/02\/sahara-algerien-tadrart-114_ook-219x146.jpg 219w, https:\/\/voyageausahara.com\/wp-content\/uploads\/2019\/02\/sahara-algerien-tadrart-114_ook-50x33.jpg 50w, https:\/\/voyageausahara.com\/wp-content\/uploads\/2019\/02\/sahara-algerien-tadrart-114_ook-113x75.jpg 113w\" sizes=\"auto, (max-width:767px) 480px, 600px\" \/><\/div>\n\t\t<\/figure>\n\t<\/div>\n\n\t<div class=\"wpb_text_column wpb_content_element \" >\n\t\t<div class=\"wpb_wrapper\">\n\t\t\t<p>Organized tour group in the desert of red Tadrart.<\/p>\n\n\t\t<\/div>\n\t<\/div>\n<\/div><\/div><\/div><\/div>\n","protected":false},"excerpt":{"rendered":"The Story of VoyageauSahara.comLancement de VoyageauSahara.com The site VoyageauSahara.com started from a simple idea: tell a story of a trip in the form of private videos.<span class=\"excerpt-hellip\"> [\u2026]<\/span>","protected":false},"author":1,"featured_media":0,"parent":0,"menu_order":0,"comment_status":"closed","ping_status":"closed","template":"","meta":{"footnotes":""},"class_list":["post-1128","page","type-page","status-publish","hentry"],"yoast_head":"<!-- This site is optimized with the Yoast SEO plugin v26.8 - https:\/\/yoast.com\/product\/yoast-seo-wordpress\/ -->\n<title>L&#039;Histoire de VoyageauSahara.com<\/title>\n<meta name=\"description\" content=\"All you need to know about VoyageauSahara.com website. Read the story of our platform that makes visible the best professional tour guides for hikers \/ tourists from all over the world.\" \/>\n<meta name=\"robots\" content=\"index, follow, max-snippet:-1, max-image-preview:large, max-video-preview:-1\" \/>\n<link rel=\"canonical\" href=\"https:\/\/voyageausahara.com\/fr_fr\/story\/\" \/>\n<meta property=\"og:locale\" content=\"fr_FR\" \/>\n<meta property=\"og:type\" content=\"article\" \/>\n<meta property=\"og:title\" content=\"The story of VoyageauSahara.com website\" \/>\n<meta property=\"og:description\" content=\"All you need to know about VoyageauSahara.com website. Read the story of our platform that makes visible the best professional tour guides for hikers \/ tourists from all over the world.\" \/>\n<meta property=\"og:url\" content=\"https:\/\/voyageausahara.com\/fr_fr\/story\/\" \/>\n<meta property=\"og:site_name\" content=\"Voyage au Sahara\" \/>\n<meta name=\"twitter:card\" content=\"summary_large_image\" \/>\n<meta name=\"twitter:title\" content=\"The story of VoyageauSahara.com website\" \/>\n<meta name=\"twitter:description\" content=\"All you need to know about VoyageauSahara.com website. Read the story of our platform that makes visible the best professional tour guides for hikers \/ tourists from all over the world.\" \/>\n<meta name=\"twitter:label1\" content=\"Dur\u00e9e de lecture estim\u00e9e\" \/>\n\t<meta name=\"twitter:data1\" content=\"3 minutes\" \/>\n<script type=\"application\/ld+json\" class=\"yoast-schema-graph\">{\"@context\":\"https:\/\/schema.org\",\"@graph\":[{\"@type\":\"WebPage\",\"@id\":\"https:\/\/voyageausahara.com\/story\/\",\"url\":\"https:\/\/voyageausahara.com\/story\/\",\"name\":\"L'Histoire de VoyageauSahara.com\",\"isPartOf\":{\"@id\":\"https:\/\/voyageausahara.com\/fr_fr\/#website\"},\"datePublished\":\"2019-03-24T12:33:57+00:00\",\"description\":\"All you need to know about VoyageauSahara.com website. Read the story of our platform that makes visible the best professional tour guides for hikers \/ tourists from all over the world.\",\"breadcrumb\":{\"@id\":\"https:\/\/voyageausahara.com\/story\/#breadcrumb\"},\"inLanguage\":\"fr-FR\",\"potentialAction\":[{\"@type\":\"ReadAction\",\"target\":[\"https:\/\/voyageausahara.com\/story\/\"]}]},{\"@type\":\"BreadcrumbList\",\"@id\":\"https:\/\/voyageausahara.com\/story\/#breadcrumb\",\"itemListElement\":[{\"@type\":\"ListItem\",\"position\":1,\"name\":\"Accueil\",\"item\":\"https:\/\/voyageausahara.com\/\"},{\"@type\":\"ListItem\",\"position\":2,\"name\":\"Our story\"}]},{\"@type\":\"WebSite\",\"@id\":\"https:\/\/voyageausahara.com\/fr_fr\/#website\",\"url\":\"https:\/\/voyageausahara.com\/fr_fr\/\",\"name\":\"Voyage au Sahara\",\"description\":\"D\u00e9couvrez la beaut\u00e9 du Sahara et vivez une aventure humaine avec vos amis, votre famille ou d\u2019autres voyageurs avec un guide touristique agr\u00e9\u00e9.\",\"publisher\":{\"@id\":\"https:\/\/voyageausahara.com\/fr_fr\/#organization\"},\"potentialAction\":[{\"@type\":\"SearchAction\",\"target\":{\"@type\":\"EntryPoint\",\"urlTemplate\":\"https:\/\/voyageausahara.com\/fr_fr\/?s={search_term_string}\"},\"query-input\":{\"@type\":\"PropertyValueSpecification\",\"valueRequired\":true,\"valueName\":\"search_term_string\"}}],\"inLanguage\":\"fr-FR\"},{\"@type\":\"Organization\",\"@id\":\"https:\/\/voyageausahara.com\/fr_fr\/#organization\",\"name\":\"Voyage au Sahara\",\"url\":\"https:\/\/voyageausahara.com\/fr_fr\/\",\"logo\":{\"@type\":\"ImageObject\",\"inLanguage\":\"fr-FR\",\"@id\":\"https:\/\/voyageausahara.com\/fr_fr\/#\/schema\/logo\/image\/\",\"url\":\"https:\/\/voyageausahara.com\/wp-content\/uploads\/2019\/08\/cropped-voyageausahara-logo-color-retina-01.png\",\"contentUrl\":\"https:\/\/voyageausahara.com\/wp-content\/uploads\/2019\/08\/cropped-voyageausahara-logo-color-retina-01.png\",\"width\":678,\"height\":300,\"caption\":\"Voyage au Sahara\"},\"image\":{\"@id\":\"https:\/\/voyageausahara.com\/fr_fr\/#\/schema\/logo\/image\/\"}}]}<\/script>\n<!-- \/ Yoast SEO plugin. -->","yoast_head_json":{"title":"L'Histoire de VoyageauSahara.com","description":"All you need to know about VoyageauSahara.com website. Read the story of our platform that makes visible the best professional tour guides for hikers \/ tourists from all over the world.","robots":{"index":"index","follow":"follow","max-snippet":"max-snippet:-1","max-image-preview":"max-image-preview:large","max-video-preview":"max-video-preview:-1"},"canonical":"https:\/\/voyageausahara.com\/fr_fr\/story\/","og_locale":"fr_FR","og_type":"article","og_title":"The story of VoyageauSahara.com website","og_description":"All you need to know about VoyageauSahara.com website. Read the story of our platform that makes visible the best professional tour guides for hikers \/ tourists from all over the world.","og_url":"https:\/\/voyageausahara.com\/fr_fr\/story\/","og_site_name":"Voyage au Sahara","twitter_card":"summary_large_image","twitter_title":"The story of VoyageauSahara.com website","twitter_description":"All you need to know about VoyageauSahara.com website. Read the story of our platform that makes visible the best professional tour guides for hikers \/ tourists from all over the world.","twitter_misc":{"Dur\u00e9e de lecture estim\u00e9e":"3 minutes"},"schema":{"@context":"https:\/\/schema.org","@graph":[{"@type":"WebPage","@id":"https:\/\/voyageausahara.com\/story\/","url":"https:\/\/voyageausahara.com\/story\/","name":"L'Histoire de VoyageauSahara.com","isPartOf":{"@id":"https:\/\/voyageausahara.com\/fr_fr\/#website"},"datePublished":"2019-03-24T12:33:57+00:00","description":"All you need to know about VoyageauSahara.com website. Read the story of our platform that makes visible the best professional tour guides for hikers \/ tourists from all over the world.","breadcrumb":{"@id":"https:\/\/voyageausahara.com\/story\/#breadcrumb"},"inLanguage":"fr-FR","potentialAction":[{"@type":"ReadAction","target":["https:\/\/voyageausahara.com\/story\/"]}]},{"@type":"BreadcrumbList","@id":"https:\/\/voyageausahara.com\/story\/#breadcrumb","itemListElement":[{"@type":"ListItem","position":1,"name":"Accueil","item":"https:\/\/voyageausahara.com\/"},{"@type":"ListItem","position":2,"name":"Our story"}]},{"@type":"WebSite","@id":"https:\/\/voyageausahara.com\/fr_fr\/#website","url":"https:\/\/voyageausahara.com\/fr_fr\/","name":"Voyage au Sahara","description":"D\u00e9couvrez la beaut\u00e9 du Sahara et vivez une aventure humaine avec vos amis, votre famille ou d\u2019autres voyageurs avec un guide touristique agr\u00e9\u00e9.","publisher":{"@id":"https:\/\/voyageausahara.com\/fr_fr\/#organization"},"potentialAction":[{"@type":"SearchAction","target":{"@type":"EntryPoint","urlTemplate":"https:\/\/voyageausahara.com\/fr_fr\/?s={search_term_string}"},"query-input":{"@type":"PropertyValueSpecification","valueRequired":true,"valueName":"search_term_string"}}],"inLanguage":"fr-FR"},{"@type":"Organization","@id":"https:\/\/voyageausahara.com\/fr_fr\/#organization","name":"Voyage au Sahara","url":"https:\/\/voyageausahara.com\/fr_fr\/","logo":{"@type":"ImageObject","inLanguage":"fr-FR","@id":"https:\/\/voyageausahara.com\/fr_fr\/#\/schema\/logo\/image\/","url":"https:\/\/voyageausahara.com\/wp-content\/uploads\/2019\/08\/cropped-voyageausahara-logo-color-retina-01.png","contentUrl":"https:\/\/voyageausahara.com\/wp-content\/uploads\/2019\/08\/cropped-voyageausahara-logo-color-retina-01.png","width":678,"height":300,"caption":"Voyage au Sahara"},"image":{"@id":"https:\/\/voyageausahara.com\/fr_fr\/#\/schema\/logo\/image\/"}}]}},"_links":{"self":[{"href":"https:\/\/voyageausahara.com\/fr_fr\/wp-json\/wp\/v2\/pages\/1128","targetHints":{"allow":["GET"]}}],"collection":[{"href":"https:\/\/voyageausahara.com\/fr_fr\/wp-json\/wp\/v2\/pages"}],"about":[{"href":"https:\/\/voyageausahara.com\/fr_fr\/wp-json\/wp\/v2\/types\/page"}],"author":[{"embeddable":true,"href":"https:\/\/voyageausahara.com\/fr_fr\/wp-json\/wp\/v2\/users\/1"}],"replies":[{"embeddable":true,"href":"https:\/\/voyageausahara.com\/fr_fr\/wp-json\/wp\/v2\/comments?post=1128"}],"version-history":[{"count":1,"href":"https:\/\/voyageausahara.com\/fr_fr\/wp-json\/wp\/v2\/pages\/1128\/revisions"}],"predecessor-version":[{"id":1131,"href":"https:\/\/voyageausahara.com\/fr_fr\/wp-json\/wp\/v2\/pages\/1128\/revisions\/1131"}],"wp:attachment":[{"href":"https:\/\/voyageausahara.com\/fr_fr\/wp-json\/wp\/v2\/media?parent=1128"}],"curies":[{"name":"wp","href":"https:\/\/api.w.org\/{rel}","templated":true}]}}