{"id":2,"date":"2017-11-17T17:47:38","date_gmt":"2017-11-17T16:47:38","guid":{"rendered":"http:\/\/voyageausahara.com\/?page_id=2"},"modified":"2023-02-07T23:06:05","modified_gmt":"2023-02-07T22:06:05","slug":"voyage-au-sahara","status":"publish","type":"page","link":"https:\/\/voyageausahara.com\/fr_fr\/","title":{"rendered":"Voyage au Sahara"},"content":{"rendered":"<div data-vc-full-width=\"true\" data-vc-full-width-init=\"false\" data-vc-stretch-content=\"true\" class=\"vc_row wpb_row vc_row-fluid vc_row-o-full-height vc_row-o-columns-middle vc_row-o-content-middle vc_row-flex\"><div data-vc-parallax=\"1.5\" data-vc-parallax-o-fade=\"on\" class=\"wpb_column vc_column_container vc_col-sm-3 vc_col-has-fill vc_general vc_parallax vc_parallax-content-moving-fade js-vc_parallax-o-fade\"><div class=\"vc_column-inner\"><div class=\"wpb_wrapper\"><div class='gambit_parallax_row' data-bg-align='' data-direction='fixed' data-opacity='100' data-velocity='-0.3' data-mobile-enabled='parallax-enable-mobile' data-bg-height='900' data-bg-width='1600' data-bg-image='https:\/\/voyageausahara.com\/wp-content\/uploads\/2018\/12\/sahara-algerien-tadrart-110-acc.jpg' data-bg-repeat='false' data-id='' style='display: none'><\/div><div class=\"gambit_fullwidth_row\" data-content-width=\"100%\" style=\"display: none\"><\/div><div class=\"gambit_fullheight_row\" data-content-location=\"top\" style=\"display: none\"><\/div><\/div><\/div><\/div><div class=\"wpb_column vc_column_container vc_col-sm-9\"><div class=\"vc_column-inner\"><div class=\"wpb_wrapper\"><h1 style=\"font-size: 35px;color: #575555;line-height: 1;text-align: left;font-family:Rubik Mono One;font-weight:400;font-style:normal\" class=\"vc_custom_heading\" >Voyages organis\u00e9s<\/h1><div style=\"font-size: 25px;color: #575555;line-height: 1;text-align: left;font-family:Rubik Mono One;font-weight:400;font-style:normal\" class=\"vc_custom_heading\" >Au c\u0153ur du Sahara<\/div><\/div><\/div><\/div><\/div><div class=\"vc_row-full-width vc_clearfix\"><\/div><div data-vc-full-width=\"true\" data-vc-full-width-init=\"false\" data-vc-stretch-content=\"true\" class=\"vc_row wpb_row vc_row-fluid vc_row-o-full-height vc_row-o-columns-middle vc_row-o-content-middle vc_row-flex\"><div class=\"wpb_column vc_column_container vc_col-sm-3\"><div class=\"vc_column-inner\"><div class=\"wpb_wrapper\"><\/div><\/div><\/div><div data-vc-parallax=\"1.5\" class=\"wpb_column vc_column_container vc_col-sm-3 vc_col-has-fill vc_general vc_parallax vc_parallax-content-moving\"><div class=\"vc_column-inner\"><div class=\"wpb_wrapper\"><h2 style=\"font-size: 50px;color: #9f7f6c;line-height: 1;text-align: left;font-family:Rubik Mono One;font-weight:400;font-style:normal\" class=\"vc_custom_heading\" >Visitez le d\u00e9sert le plus beau du monde<\/h2><\/div><\/div><\/div><div class=\"wpb_column vc_column_container vc_col-sm-3\"><div class=\"vc_column-inner\"><div class=\"wpb_wrapper\">\n\t<div class=\"wpb_text_column wpb_content_element \" >\n\t\t<div class=\"wpb_wrapper\">\n\t\t\t<p>Si vous voulez <strong><a href=\"https:\/\/voyageausahara.com\/reservation\/\">faire un circuit au Sahara<\/a><\/strong>, vous avez la possibilit\u00e9 de le faire avec des <strong>guides francophones exp\u00e9riment\u00e9s<\/strong>. Ils vous feront d\u00e9couvrir le d\u00e9sert, ses paysages sublimes en <strong>4&#215;4<\/strong> et\/ou \u00e0 pied lors de randonn\u00e9es.<\/p>\n<p>Si vous aimez voyager, faire du trek, faire de la marche, vivre des aventures humaines uniques, seul(e) ou en groupe, <a href=\"https:\/\/voyageausahara.com\/reservation\/\">r\u00e9servez votre circuit au Sahara<\/a>. Vous pouvez choisir votre date de d\u00e9part et votre date de retour.<\/p>\n\n\t\t<\/div>\n\t<\/div>\n<\/div><\/div><\/div><div class=\"wpb_column vc_column_container vc_col-sm-3\"><div class=\"vc_column-inner\"><div class=\"wpb_wrapper\"><\/div><\/div><\/div><\/div><div class=\"vc_row-full-width vc_clearfix\"><\/div><div data-vc-full-width=\"true\" data-vc-full-width-init=\"false\" data-vc-stretch-content=\"true\" class=\"vc_row wpb_row vc_row-fluid vc_row-o-full-height vc_row-o-columns-middle vc_row-flex\"><div data-vc-parallax=\"1.5\" data-vc-parallax-o-fade=\"on\" class=\"wpb_column vc_column_container vc_col-sm-12 vc_col-has-fill vc_general vc_parallax vc_parallax-content-moving-fade js-vc_parallax-o-fade\"><div class=\"vc_column-inner\"><div class=\"wpb_wrapper\"><div class='gambit_parallax_row' data-bg-align='' data-direction='fixed' data-opacity='100' data-velocity='-0.3' data-mobile-enabled='' data-bg-height='900' data-bg-width='1600' data-bg-image='https:\/\/voyageausahara.com\/wp-content\/uploads\/2018\/12\/sahara-algerien-tadrart-22_acc.jpg' data-bg-repeat='false' data-id='' style='display: none'><\/div><div class=\"gambit_fullwidth_row\" data-content-width=\"100%\" style=\"display: none\"><\/div><div class=\"gambit_fullheight_row\" data-content-location=\"center\" style=\"display: none\"><\/div><\/div><\/div><\/div><\/div><div class=\"vc_row-full-width vc_clearfix\"><\/div><div data-vc-full-width=\"true\" data-vc-full-width-init=\"false\" data-vc-stretch-content=\"true\" class=\"vc_row wpb_row vc_row-fluid vc_row-o-full-height vc_row-o-columns-middle vc_row-o-content-middle vc_row-flex\"><div class=\"wpb_column vc_column_container vc_col-sm-3\"><div class=\"vc_column-inner\"><div class=\"wpb_wrapper\"><\/div><\/div><\/div><div data-vc-parallax=\"1.5\" class=\"wpb_column vc_column_container vc_col-sm-3 vc_col-has-fill vc_general vc_parallax vc_parallax-content-moving\"><div class=\"vc_column-inner\"><div class=\"wpb_wrapper\"><h2 style=\"font-size: 50px;color: #9f7f6c;line-height: 1;text-align: left;font-family:Rubik Mono One;font-weight:400;font-style:normal\" class=\"vc_custom_heading\" >Une aventure humaine unique dans un cadre f\u00e9erique<\/h2><\/div><\/div><\/div><div class=\"wpb_column vc_column_container vc_col-sm-3\"><div class=\"vc_column-inner\"><div class=\"wpb_wrapper\">\n\t<div class=\"wpb_text_column wpb_content_element \" >\n\t\t<div class=\"wpb_wrapper\">\n\t\t\t<p>Les nuits sous les belles \u00e9toiles et la majestueuse voie lact\u00e9e, les dunes d\u2019Admer qui se chevauchent, les couchers de soleil uniques au monde, les plateaux gigantesques qui s\u2019\u00e9l\u00e8vent en face de vous, les dromadaires que vous croisez tout pr\u00e8s de la route ou entre deux dunes, les superbes gueltas\u2026 tout \u00e7a est magnifique, f\u00e9erique, magique !<\/p>\n\n\t\t<\/div>\n\t<\/div>\n<\/div><\/div><\/div><div class=\"wpb_column vc_column_container vc_col-sm-3\"><div class=\"vc_column-inner\"><div class=\"wpb_wrapper\"><\/div><\/div><\/div><\/div><div class=\"vc_row-full-width vc_clearfix\"><\/div><div data-vc-full-width=\"true\" data-vc-full-width-init=\"false\" data-vc-stretch-content=\"true\" class=\"vc_row wpb_row vc_row-fluid vc_row-o-full-height vc_row-o-columns-middle vc_row-flex\"><div data-vc-parallax=\"1.5\" data-vc-parallax-o-fade=\"on\" class=\"wpb_column vc_column_container vc_col-sm-12 vc_col-has-fill vc_general vc_parallax vc_parallax-content-moving-fade js-vc_parallax-o-fade\"><div class=\"vc_column-inner\"><div class=\"wpb_wrapper\"><div class='gambit_parallax_row' data-bg-align='' data-direction='fixed' data-opacity='100' data-velocity='-0.3' data-mobile-enabled='' data-bg-height='900' data-bg-width='1600' data-bg-image='https:\/\/voyageausahara.com\/wp-content\/uploads\/2018\/12\/sahara-algerien-tadrart-79-acc.jpg' data-bg-repeat='false' data-id='' style='display: none'><\/div><div class=\"gambit_fullwidth_row\" data-content-width=\"100%\" style=\"display: none\"><\/div><div class=\"gambit_fullheight_row\" data-content-location=\"center\" style=\"display: none\"><\/div><\/div><\/div><\/div><\/div><div class=\"vc_row-full-width vc_clearfix\"><\/div><div data-vc-full-width=\"true\" data-vc-full-width-init=\"false\" data-vc-stretch-content=\"true\" class=\"vc_row wpb_row vc_row-fluid vc_row-o-full-height vc_row-o-columns-middle vc_row-o-content-middle vc_row-flex\"><div class=\"wpb_column vc_column_container vc_col-sm-3\"><div class=\"vc_column-inner\"><div class=\"wpb_wrapper\"><\/div><\/div><\/div><div data-vc-parallax=\"1.5\" class=\"wpb_column vc_column_container vc_col-sm-3 vc_col-has-fill vc_general vc_parallax vc_parallax-content-moving\"><div class=\"vc_column-inner\"><div class=\"wpb_wrapper\"><h2 style=\"font-size: 50px;color: #9f7f6c;line-height: 1;text-align: left;font-family:Rubik Mono One;font-weight:400;font-style:normal\" class=\"vc_custom_heading\" >Un s\u00e9jour de pur bonheur<\/h2><\/div><\/div><\/div><div class=\"wpb_column vc_column_container vc_col-sm-3\"><div class=\"vc_column-inner\"><div class=\"wpb_wrapper\">\n\t<div class=\"wpb_text_column wpb_content_element \" >\n\t\t<div class=\"wpb_wrapper\">\n\t\t\t<p>5 jours, 7 jours ou 15 jours en voyage organis\u00e9 au Sahara, c&rsquo;est un s\u00e9jour de pure aventure, un s\u00e9jour de pur bonheur ! Vous vous l\u00e8verez le matin avec la beaut\u00e9 du d\u00e9sert qui nous entoure.<\/p>\n<p>Vous ferez votre circuit dans la merveilleuse r\u00e9gion du <strong>Tassili n&rsquo;Ajjer<\/strong>, tout pr\u00e8s de l&rsquo;oasis Djanet (dans le sud-est de l&rsquo;Alg\u00e9rie) ou dans la <strong>Tadrart rouge<\/strong> (au sud de Djanet).<\/p>\n\n\t\t<\/div>\n\t<\/div>\n<\/div><\/div><\/div><div class=\"wpb_column vc_column_container vc_col-sm-3\"><div class=\"vc_column-inner\"><div class=\"wpb_wrapper\"><\/div><\/div><\/div><\/div><div class=\"vc_row-full-width vc_clearfix\"><\/div><div data-vc-full-width=\"true\" data-vc-full-width-init=\"false\" data-vc-stretch-content=\"true\" class=\"vc_row wpb_row vc_row-fluid vc_row-o-full-height vc_row-o-columns-middle vc_row-flex\"><div data-vc-parallax=\"1.5\" data-vc-parallax-o-fade=\"on\" class=\"wpb_column vc_column_container vc_col-sm-12 vc_col-has-fill vc_general vc_parallax vc_parallax-content-moving-fade js-vc_parallax-o-fade\"><div class=\"vc_column-inner\"><div class=\"wpb_wrapper\"><div class='gambit_parallax_row' data-bg-align='' data-direction='fixed' data-opacity='100' data-velocity='-0.3' data-mobile-enabled='' data-bg-height='900' data-bg-width='1600' data-bg-image='https:\/\/voyageausahara.com\/wp-content\/uploads\/2019\/08\/voyageausahara-avril-2019-780.jpg' data-bg-repeat='false' data-id='' style='display: none'><\/div><div class=\"gambit_fullwidth_row\" data-content-width=\"100%\" style=\"display: none\"><\/div><div class=\"gambit_fullheight_row\" data-content-location=\"center\" style=\"display: none\"><\/div><\/div><\/div><\/div><\/div><div class=\"vc_row-full-width vc_clearfix\"><\/div><div data-vc-full-width=\"true\" data-vc-full-width-init=\"false\" data-vc-stretch-content=\"true\" class=\"vc_row wpb_row vc_row-fluid vc_row-o-full-height vc_row-o-columns-middle vc_row-o-content-middle vc_row-flex\"><div class=\"wpb_column vc_column_container vc_col-sm-3\"><div class=\"vc_column-inner\"><div class=\"wpb_wrapper\"><\/div><\/div><\/div><div data-vc-parallax=\"1.5\" class=\"wpb_column vc_column_container vc_col-sm-3 vc_col-has-fill vc_general vc_parallax vc_parallax-content-moving\"><div class=\"vc_column-inner\"><div class=\"wpb_wrapper\"><h2 style=\"font-size: 50px;color: #9f7f6c;line-height: 1;text-align: left;font-family:Rubik Mono One;font-weight:400;font-style:normal\" class=\"vc_custom_heading\" >Les circuits<\/h2><\/div><\/div><\/div><div class=\"wpb_column vc_column_container vc_col-sm-3\"><div class=\"vc_column-inner\"><div class=\"wpb_wrapper\">\n\t<div class=\"wpb_text_column wpb_content_element \" >\n\t\t<div class=\"wpb_wrapper\">\n\t\t\t<p>Vous partez selon vos disponibilit\u00e9s. La saison commence en septembre et se termine au mois de mars\/avril.<\/p>\n<p>Vous pouvez visiter le Sahara seul(e) (accompagn\u00e9(e) par un chauffeur et un cuisinier). Vous avez \u00e9galement la possibilit\u00e9 de partir en groupe. Plusieurs 4&#215;4 ou dromadaires sont \u00e0 votre disposition pour passer un voyage inoubliable !<\/p>\n<p>Il y a beaucoup de lieux \u00e0 visiter ! Ils sont tous diff\u00e9rents et tous magnifiques ! <strong>Tassili N\u2019Ajjer<\/strong>, <strong>Essendil\u00e8ne<\/strong>, <strong>Dider<\/strong>, <strong>Iherir<\/strong>, <strong>Djanet<\/strong>, <strong>Tadrart<\/strong>&#8230; et beaucoup d&rsquo;autres endroits. Chaque jour est unique !<\/p>\n<p>Vous avez h\u00e2te de d\u00e9couvrir le Sahara ?<\/p>\n<p><strong><a href=\"https:\/\/voyageausahara.com\/reservation\/\">Demandez-nous un devis !<\/a><\/strong><\/p>\n\n\t\t<\/div>\n\t<\/div>\n<\/div><\/div><\/div><div class=\"wpb_column vc_column_container vc_col-sm-3\"><div class=\"vc_column-inner\"><div class=\"wpb_wrapper\"><\/div><\/div><\/div><\/div><div class=\"vc_row-full-width vc_clearfix\"><\/div><div data-vc-full-width=\"true\" data-vc-full-width-init=\"false\" data-vc-stretch-content=\"true\" class=\"vc_row wpb_row vc_row-fluid vc_row-o-full-height vc_row-o-columns-middle vc_row-flex\"><div data-vc-parallax=\"1.5\" data-vc-parallax-o-fade=\"on\" class=\"wpb_column vc_column_container vc_col-sm-12 vc_col-has-fill vc_general vc_parallax vc_parallax-content-moving-fade js-vc_parallax-o-fade\"><div class=\"vc_column-inner\"><div class=\"wpb_wrapper\"><div class='gambit_parallax_row' data-bg-align='' data-direction='fixed' data-opacity='100' data-velocity='-0.3' data-mobile-enabled='' data-bg-height='900' data-bg-width='1600' data-bg-image='https:\/\/voyageausahara.com\/wp-content\/uploads\/2019\/08\/voyageausahara-avril-2019-canon2-1-4.jpg' data-bg-repeat='false' data-id='' style='display: none'><\/div><div class=\"gambit_fullwidth_row\" data-content-width=\"100%\" style=\"display: none\"><\/div><div class=\"gambit_fullheight_row\" data-content-location=\"center\" style=\"display: none\"><\/div><\/div><\/div><\/div><\/div><div class=\"vc_row-full-width vc_clearfix\"><\/div><div data-vc-full-width=\"true\" data-vc-full-width-init=\"false\" data-vc-stretch-content=\"true\" class=\"vc_row wpb_row vc_row-fluid vc_row-o-full-height vc_row-o-columns-middle vc_row-o-content-middle vc_row-flex\"><div class=\"wpb_column vc_column_container vc_col-sm-3\"><div class=\"vc_column-inner\"><div class=\"wpb_wrapper\"><\/div><\/div><\/div><div data-vc-parallax=\"1.5\" class=\"wpb_column vc_column_container vc_col-sm-3 vc_col-has-fill vc_general vc_parallax vc_parallax-content-moving\"><div class=\"vc_column-inner\"><div class=\"wpb_wrapper\">\n\t<div  class=\"wpb_single_image wpb_content_element vc_align_left\">\n\t\t\n\t\t<figure class=\"wpb_wrapper vc_figure\">\n\t\t\t<div class=\"vc_single_image-wrapper   vc_box_border_grey\"><img loading=\"lazy\" decoding=\"async\" width=\"300\" height=\"300\" src=\"https:\/\/voyageausahara.com\/wp-content\/uploads\/2019\/04\/voyage-au-sahara-happy-300x300.jpg\" class=\"vc_single_image-img attachment-medium\" alt=\"Voyager au Sahara\" title=\"Voyager au Sahara\" srcset=\"https:\/\/voyageausahara.com\/wp-content\/uploads\/2019\/04\/voyage-au-sahara-happy-300x300.jpg 300w, https:\/\/voyageausahara.com\/wp-content\/uploads\/2019\/04\/voyage-au-sahara-happy-150x150.jpg 150w, https:\/\/voyageausahara.com\/wp-content\/uploads\/2019\/04\/voyage-au-sahara-happy-146x146.jpg 146w, https:\/\/voyageausahara.com\/wp-content\/uploads\/2019\/04\/voyage-au-sahara-happy-50x50.jpg 50w, https:\/\/voyageausahara.com\/wp-content\/uploads\/2019\/04\/voyage-au-sahara-happy-75x75.jpg 75w, https:\/\/voyageausahara.com\/wp-content\/uploads\/2019\/04\/voyage-au-sahara-happy-85x85.jpg 85w, https:\/\/voyageausahara.com\/wp-content\/uploads\/2019\/04\/voyage-au-sahara-happy-80x80.jpg 80w, https:\/\/voyageausahara.com\/wp-content\/uploads\/2019\/04\/voyage-au-sahara-happy.jpg 500w\" sizes=\"auto, (max-width:767px) 300px, 300px\" \/><\/div>\n\t\t<\/figure>\n\t<\/div>\n<\/div><\/div><\/div><div class=\"wpb_column vc_column_container vc_col-sm-3\"><div class=\"vc_column-inner\"><div class=\"wpb_wrapper\">\n\t<div class=\"wpb_text_column wpb_content_element \" >\n\t\t<div class=\"wpb_wrapper\">\n\t\t\t<p>\u00cates-vous pr\u00eats \u00e0 vivre un excellent road trip au c\u0153ur du Sahara ? Pr\u00e9parez vos chaussures de randonn\u00e9e, votre gourde, votre appareil photo, vos affaires personnelles et <a href=\"https:\/\/voyageausahara.com\/reservation\/\">r\u00e9servez votre voyage organis\u00e9 chez nous<\/a>.<\/p>\n\n\t\t<\/div>\n\t<\/div>\n<p style=\"font-size: 25px;text-align: center\" class=\"vc_custom_heading wpb_animate_when_almost_visible wpb_bounceIn bounceIn\" ><a href=\"https:\/\/voyageausahara.com\/reservation\/\">JE VEUX Y ALLER !<\/a><\/p>\n\t<div class=\"wpb_text_column wpb_content_element \" >\n\t\t<div class=\"wpb_wrapper\">\n\t\t\t<p style=\"text-align: center;\">Places limit\u00e9es \u00e0 20 personnes.<\/p>\n\n\t\t<\/div>\n\t<\/div>\n<\/div><\/div><\/div><div class=\"wpb_column vc_column_container vc_col-sm-3\"><div class=\"vc_column-inner\"><div class=\"wpb_wrapper\"><\/div><\/div><\/div><\/div><div class=\"vc_row-full-width vc_clearfix\"><\/div>\n","protected":false},"excerpt":{"rendered":"Voyages organis\u00e9sAu c\u0153ur du SaharaVisitez le d\u00e9sert le plus beau du monde Si vous voulez faire un circuit au Sahara, vous avez la possibilit\u00e9 de le<span class=\"excerpt-hellip\"> [\u2026]<\/span>","protected":false},"author":1,"featured_media":0,"parent":0,"menu_order":0,"comment_status":"closed","ping_status":"open","template":"","meta":{"footnotes":""},"class_list":["post-2","page","type-page","status-publish","hentry"],"yoast_head":"<!-- This site is optimized with the Yoast SEO plugin v26.8 - https:\/\/yoast.com\/product\/yoast-seo-wordpress\/ -->\n<title>Voyage organis\u00e9 au Sahara 2023 - Circuit 4x4 | Voyage au Sahara<\/title>\n<meta name=\"description\" content=\"Partez \u00e0 la d\u00e9couverte du Sahara. Circuit touristique 2023. Raids 4x4. Immersion parfaite au c\u0153ur du d\u00e9sert. Voyage organis\u00e9. Tout compris.\" \/>\n<meta name=\"robots\" content=\"index, follow, max-snippet:-1, max-image-preview:large, max-video-preview:-1\" \/>\n<link rel=\"canonical\" href=\"https:\/\/voyageausahara.com\/fr_fr\/\" \/>\n<meta property=\"og:locale\" content=\"fr_FR\" \/>\n<meta property=\"og:type\" content=\"article\" \/>\n<meta property=\"og:title\" content=\"Voyage organis\u00e9 au Sahara alg\u00e9rien 2023 - Circuit 4x4 | Voyage au Sahara\" \/>\n<meta property=\"og:description\" content=\"Partez \u00e0 la d\u00e9couverte du Sahara alg\u00e9rien. Circuit touristique. Raids en 4x4. Immersion parfaite au c\u0153ur du d\u00e9sert alg\u00e9rien. Voyage organis\u00e9. Tout compris.\" \/>\n<meta property=\"og:url\" content=\"https:\/\/voyageausahara.com\/fr_fr\/\" \/>\n<meta property=\"og:site_name\" content=\"Voyage au Sahara\" \/>\n<meta property=\"article:modified_time\" content=\"2023-02-07T22:06:05+00:00\" \/>\n<meta property=\"og:image\" content=\"https:\/\/voyageausahara.com\/wp-content\/uploads\/2022\/09\/voyage-au-sahara-tadrart-rouge.png\" \/>\n\t<meta property=\"og:image:width\" content=\"1200\" \/>\n\t<meta property=\"og:image:height\" content=\"800\" \/>\n\t<meta property=\"og:image:type\" content=\"image\/png\" \/>\n<meta name=\"twitter:card\" content=\"summary_large_image\" \/>\n<meta name=\"twitter:title\" content=\"Voyage organis\u00e9 au Sahara alg\u00e9rien 2023 - Circuit 4x4 | Voyage au Sahara\" \/>\n<meta name=\"twitter:description\" content=\"Partez \u00e0 la d\u00e9couverte du Sahara alg\u00e9rien. Circuit touristique. Raids en 4x4. Immersion parfaite au c\u0153ur du d\u00e9sert alg\u00e9rien. Voyage organis\u00e9. Tout compris.\" \/>\n<meta name=\"twitter:image\" content=\"https:\/\/voyageausahara.com\/wp-content\/uploads\/2022\/09\/voyage-au-sahara-tadrart-rouge.png\" \/>\n<meta name=\"twitter:label1\" content=\"Dur\u00e9e de lecture estim\u00e9e\" \/>\n\t<meta name=\"twitter:data1\" content=\"3 minutes\" \/>\n<script type=\"application\/ld+json\" class=\"yoast-schema-graph\">{\"@context\":\"https:\/\/schema.org\",\"@graph\":[{\"@type\":\"WebPage\",\"@id\":\"https:\/\/voyageausahara.com\/\",\"url\":\"https:\/\/voyageausahara.com\/\",\"name\":\"Voyage organis\u00e9 au Sahara 2023 - Circuit 4x4 | Voyage au Sahara\",\"isPartOf\":{\"@id\":\"https:\/\/voyageausahara.com\/fr_fr\/#website\"},\"datePublished\":\"2017-11-17T16:47:38+00:00\",\"dateModified\":\"2023-02-07T22:06:05+00:00\",\"description\":\"Partez \u00e0 la d\u00e9couverte du Sahara. Circuit touristique 2023. Raids 4x4. Immersion parfaite au c\u0153ur du d\u00e9sert. Voyage organis\u00e9. Tout compris.\",\"breadcrumb\":{\"@id\":\"https:\/\/voyageausahara.com\/#breadcrumb\"},\"inLanguage\":\"fr-FR\",\"potentialAction\":[{\"@type\":\"ReadAction\",\"target\":[\"https:\/\/voyageausahara.com\/\"]}]},{\"@type\":\"BreadcrumbList\",\"@id\":\"https:\/\/voyageausahara.com\/#breadcrumb\",\"itemListElement\":[{\"@type\":\"ListItem\",\"position\":1,\"name\":\"Accueil\",\"item\":\"https:\/\/voyageausahara.com\/\"},{\"@type\":\"ListItem\",\"position\":2,\"name\":\"Voyage au Sahara\"}]},{\"@type\":\"WebSite\",\"@id\":\"https:\/\/voyageausahara.com\/fr_fr\/#website\",\"url\":\"https:\/\/voyageausahara.com\/fr_fr\/\",\"name\":\"Voyage au Sahara\",\"description\":\"D\u00e9couvrez la beaut\u00e9 du Sahara et vivez une aventure humaine avec vos amis, votre famille ou d\u2019autres voyageurs avec un guide touristique agr\u00e9\u00e9.\",\"publisher\":{\"@id\":\"https:\/\/voyageausahara.com\/fr_fr\/#organization\"},\"potentialAction\":[{\"@type\":\"SearchAction\",\"target\":{\"@type\":\"EntryPoint\",\"urlTemplate\":\"https:\/\/voyageausahara.com\/fr_fr\/?s={search_term_string}\"},\"query-input\":{\"@type\":\"PropertyValueSpecification\",\"valueRequired\":true,\"valueName\":\"search_term_string\"}}],\"inLanguage\":\"fr-FR\"},{\"@type\":\"Organization\",\"@id\":\"https:\/\/voyageausahara.com\/fr_fr\/#organization\",\"name\":\"Voyage au Sahara\",\"url\":\"https:\/\/voyageausahara.com\/fr_fr\/\",\"logo\":{\"@type\":\"ImageObject\",\"inLanguage\":\"fr-FR\",\"@id\":\"https:\/\/voyageausahara.com\/fr_fr\/#\/schema\/logo\/image\/\",\"url\":\"https:\/\/voyageausahara.com\/wp-content\/uploads\/2019\/08\/cropped-voyageausahara-logo-color-retina-01.png\",\"contentUrl\":\"https:\/\/voyageausahara.com\/wp-content\/uploads\/2019\/08\/cropped-voyageausahara-logo-color-retina-01.png\",\"width\":678,\"height\":300,\"caption\":\"Voyage au Sahara\"},\"image\":{\"@id\":\"https:\/\/voyageausahara.com\/fr_fr\/#\/schema\/logo\/image\/\"}}]}<\/script>\n<!-- \/ Yoast SEO plugin. -->","yoast_head_json":{"title":"Voyage organis\u00e9 au Sahara 2023 - Circuit 4x4 | Voyage au Sahara","description":"Partez \u00e0 la d\u00e9couverte du Sahara. Circuit touristique 2023. Raids 4x4. Immersion parfaite au c\u0153ur du d\u00e9sert. Voyage organis\u00e9. Tout compris.","robots":{"index":"index","follow":"follow","max-snippet":"max-snippet:-1","max-image-preview":"max-image-preview:large","max-video-preview":"max-video-preview:-1"},"canonical":"https:\/\/voyageausahara.com\/fr_fr\/","og_locale":"fr_FR","og_type":"article","og_title":"Voyage organis\u00e9 au Sahara alg\u00e9rien 2023 - Circuit 4x4 | Voyage au Sahara","og_description":"Partez \u00e0 la d\u00e9couverte du Sahara alg\u00e9rien. Circuit touristique. Raids en 4x4. Immersion parfaite au c\u0153ur du d\u00e9sert alg\u00e9rien. Voyage organis\u00e9. Tout compris.","og_url":"https:\/\/voyageausahara.com\/fr_fr\/","og_site_name":"Voyage au Sahara","article_modified_time":"2023-02-07T22:06:05+00:00","og_image":[{"width":1200,"height":800,"url":"https:\/\/voyageausahara.com\/wp-content\/uploads\/2022\/09\/voyage-au-sahara-tadrart-rouge.png","type":"image\/png"}],"twitter_card":"summary_large_image","twitter_title":"Voyage organis\u00e9 au Sahara alg\u00e9rien 2023 - Circuit 4x4 | Voyage au Sahara","twitter_description":"Partez \u00e0 la d\u00e9couverte du Sahara alg\u00e9rien. Circuit touristique. Raids en 4x4. Immersion parfaite au c\u0153ur du d\u00e9sert alg\u00e9rien. Voyage organis\u00e9. Tout compris.","twitter_image":"https:\/\/voyageausahara.com\/wp-content\/uploads\/2022\/09\/voyage-au-sahara-tadrart-rouge.png","twitter_misc":{"Dur\u00e9e de lecture estim\u00e9e":"3 minutes"},"schema":{"@context":"https:\/\/schema.org","@graph":[{"@type":"WebPage","@id":"https:\/\/voyageausahara.com\/","url":"https:\/\/voyageausahara.com\/","name":"Voyage organis\u00e9 au Sahara 2023 - Circuit 4x4 | Voyage au Sahara","isPartOf":{"@id":"https:\/\/voyageausahara.com\/fr_fr\/#website"},"datePublished":"2017-11-17T16:47:38+00:00","dateModified":"2023-02-07T22:06:05+00:00","description":"Partez \u00e0 la d\u00e9couverte du Sahara. Circuit touristique 2023. Raids 4x4. Immersion parfaite au c\u0153ur du d\u00e9sert. Voyage organis\u00e9. Tout compris.","breadcrumb":{"@id":"https:\/\/voyageausahara.com\/#breadcrumb"},"inLanguage":"fr-FR","potentialAction":[{"@type":"ReadAction","target":["https:\/\/voyageausahara.com\/"]}]},{"@type":"BreadcrumbList","@id":"https:\/\/voyageausahara.com\/#breadcrumb","itemListElement":[{"@type":"ListItem","position":1,"name":"Accueil","item":"https:\/\/voyageausahara.com\/"},{"@type":"ListItem","position":2,"name":"Voyage au Sahara"}]},{"@type":"WebSite","@id":"https:\/\/voyageausahara.com\/fr_fr\/#website","url":"https:\/\/voyageausahara.com\/fr_fr\/","name":"Voyage au Sahara","description":"D\u00e9couvrez la beaut\u00e9 du Sahara et vivez une aventure humaine avec vos amis, votre famille ou d\u2019autres voyageurs avec un guide touristique agr\u00e9\u00e9.","publisher":{"@id":"https:\/\/voyageausahara.com\/fr_fr\/#organization"},"potentialAction":[{"@type":"SearchAction","target":{"@type":"EntryPoint","urlTemplate":"https:\/\/voyageausahara.com\/fr_fr\/?s={search_term_string}"},"query-input":{"@type":"PropertyValueSpecification","valueRequired":true,"valueName":"search_term_string"}}],"inLanguage":"fr-FR"},{"@type":"Organization","@id":"https:\/\/voyageausahara.com\/fr_fr\/#organization","name":"Voyage au Sahara","url":"https:\/\/voyageausahara.com\/fr_fr\/","logo":{"@type":"ImageObject","inLanguage":"fr-FR","@id":"https:\/\/voyageausahara.com\/fr_fr\/#\/schema\/logo\/image\/","url":"https:\/\/voyageausahara.com\/wp-content\/uploads\/2019\/08\/cropped-voyageausahara-logo-color-retina-01.png","contentUrl":"https:\/\/voyageausahara.com\/wp-content\/uploads\/2019\/08\/cropped-voyageausahara-logo-color-retina-01.png","width":678,"height":300,"caption":"Voyage au Sahara"},"image":{"@id":"https:\/\/voyageausahara.com\/fr_fr\/#\/schema\/logo\/image\/"}}]}},"_links":{"self":[{"href":"https:\/\/voyageausahara.com\/fr_fr\/wp-json\/wp\/v2\/pages\/2","targetHints":{"allow":["GET"]}}],"collection":[{"href":"https:\/\/voyageausahara.com\/fr_fr\/wp-json\/wp\/v2\/pages"}],"about":[{"href":"https:\/\/voyageausahara.com\/fr_fr\/wp-json\/wp\/v2\/types\/page"}],"author":[{"embeddable":true,"href":"https:\/\/voyageausahara.com\/fr_fr\/wp-json\/wp\/v2\/users\/1"}],"replies":[{"embeddable":true,"href":"https:\/\/voyageausahara.com\/fr_fr\/wp-json\/wp\/v2\/comments?post=2"}],"version-history":[{"count":90,"href":"https:\/\/voyageausahara.com\/fr_fr\/wp-json\/wp\/v2\/pages\/2\/revisions"}],"predecessor-version":[{"id":1356,"href":"https:\/\/voyageausahara.com\/fr_fr\/wp-json\/wp\/v2\/pages\/2\/revisions\/1356"}],"wp:attachment":[{"href":"https:\/\/voyageausahara.com\/fr_fr\/wp-json\/wp\/v2\/media?parent=2"}],"curies":[{"name":"wp","href":"https:\/\/api.w.org\/{rel}","templated":true}]}}