{"id":531,"date":"2018-11-08T17:17:47","date_gmt":"2018-11-08T16:17:47","guid":{"rendered":"https:\/\/voyageausahara.com\/boutique\/"},"modified":"2018-11-08T21:25:13","modified_gmt":"2018-11-08T20:25:13","slug":"boutique","status":"publish","type":"page","link":"https:\/\/voyageausahara.com\/fr_fr\/boutique\/","title":{"rendered":"Boutique"},"content":{"rendered":"","protected":false},"excerpt":{"rendered":"","protected":false},"author":1,"featured_media":0,"parent":0,"menu_order":0,"comment_status":"closed","ping_status":"closed","template":"","meta":{"footnotes":""},"class_list":["post-531","page","type-page","status-publish","hentry"],"yoast_head":"<!-- This site is optimized with the Yoast SEO plugin v26.8 - https:\/\/yoast.com\/product\/yoast-seo-wordpress\/ -->\n<title>Boutique T-shirt Randonn\u00e9e Trek D\u00e9sert Sahara<\/title>\n<meta name=\"description\" content=\"Boutique de jolis t-shirts et accessoires pour la randonn\u00e9e dans le d\u00e9sert du Sahara alg\u00e9rien.\" \/>\n<meta name=\"robots\" content=\"index, follow, max-snippet:-1, max-image-preview:large, max-video-preview:-1\" \/>\n<link rel=\"canonical\" href=\"https:\/\/voyageausahara.com\/fr_fr\/boutique\/\" \/>\n<meta property=\"og:locale\" content=\"fr_FR\" \/>\n<meta property=\"og:type\" content=\"article\" \/>\n<meta property=\"og:title\" content=\"Boutique T-shirt Randonn\u00e9e Trek D\u00e9sert Sahara\" \/>\n<meta property=\"og:description\" content=\"Boutique de jolis t-shirts et accessoires pour la randonn\u00e9e dans le d\u00e9sert du Sahara alg\u00e9rien.\" \/>\n<meta property=\"og:url\" content=\"https:\/\/voyageausahara.com\/fr_fr\/boutique\/\" \/>\n<meta property=\"og:site_name\" content=\"Voyage au Sahara\" \/>\n<meta property=\"article:modified_time\" content=\"2018-11-08T20:25:13+00:00\" \/>\n<meta name=\"twitter:card\" content=\"summary_large_image\" \/>\n<meta name=\"twitter:title\" content=\"Boutique T-shirt Randonn\u00e9e Trek D\u00e9sert Sahara\" \/>\n<meta name=\"twitter:description\" content=\"Boutique de jolis t-shirts et accessoires pour la randonn\u00e9e dans le d\u00e9sert du Sahara alg\u00e9rien.\" \/>\n<script type=\"application\/ld+json\" class=\"yoast-schema-graph\">{\"@context\":\"https:\/\/schema.org\",\"@graph\":[{\"@type\":\"WebPage\",\"@id\":\"https:\/\/voyageausahara.com\/en\/boutique\/\",\"url\":\"https:\/\/voyageausahara.com\/en\/boutique\/\",\"name\":\"Boutique T-shirt Randonn\u00e9e Trek D\u00e9sert Sahara\",\"isPartOf\":{\"@id\":\"https:\/\/voyageausahara.com\/fr_fr\/#website\"},\"datePublished\":\"2018-11-08T16:17:47+00:00\",\"dateModified\":\"2018-11-08T20:25:13+00:00\",\"description\":\"Boutique de jolis t-shirts et accessoires pour la randonn\u00e9e dans le d\u00e9sert du Sahara alg\u00e9rien.\",\"breadcrumb\":{\"@id\":\"https:\/\/voyageausahara.com\/en\/boutique\/#breadcrumb\"},\"inLanguage\":\"fr-FR\",\"potentialAction\":[{\"@type\":\"ReadAction\",\"target\":[\"https:\/\/voyageausahara.com\/en\/boutique\/\"]}]},{\"@type\":\"BreadcrumbList\",\"@id\":\"https:\/\/voyageausahara.com\/en\/boutique\/#breadcrumb\",\"itemListElement\":[{\"@type\":\"ListItem\",\"position\":1,\"name\":\"Accueil\",\"item\":\"https:\/\/voyageausahara.com\/\"},{\"@type\":\"ListItem\",\"position\":2,\"name\":\"Boutique\"}]},{\"@type\":\"WebSite\",\"@id\":\"https:\/\/voyageausahara.com\/fr_fr\/#website\",\"url\":\"https:\/\/voyageausahara.com\/fr_fr\/\",\"name\":\"Voyage au Sahara\",\"description\":\"D\u00e9couvrez la beaut\u00e9 du Sahara et vivez une aventure humaine avec vos amis, votre famille ou d\u2019autres voyageurs avec un guide touristique agr\u00e9\u00e9.\",\"publisher\":{\"@id\":\"https:\/\/voyageausahara.com\/fr_fr\/#organization\"},\"potentialAction\":[{\"@type\":\"SearchAction\",\"target\":{\"@type\":\"EntryPoint\",\"urlTemplate\":\"https:\/\/voyageausahara.com\/fr_fr\/?s={search_term_string}\"},\"query-input\":{\"@type\":\"PropertyValueSpecification\",\"valueRequired\":true,\"valueName\":\"search_term_string\"}}],\"inLanguage\":\"fr-FR\"},{\"@type\":\"Organization\",\"@id\":\"https:\/\/voyageausahara.com\/fr_fr\/#organization\",\"name\":\"Voyage au Sahara\",\"url\":\"https:\/\/voyageausahara.com\/fr_fr\/\",\"logo\":{\"@type\":\"ImageObject\",\"inLanguage\":\"fr-FR\",\"@id\":\"https:\/\/voyageausahara.com\/fr_fr\/#\/schema\/logo\/image\/\",\"url\":\"https:\/\/voyageausahara.com\/wp-content\/uploads\/2019\/08\/cropped-voyageausahara-logo-color-retina-01.png\",\"contentUrl\":\"https:\/\/voyageausahara.com\/wp-content\/uploads\/2019\/08\/cropped-voyageausahara-logo-color-retina-01.png\",\"width\":678,\"height\":300,\"caption\":\"Voyage au Sahara\"},\"image\":{\"@id\":\"https:\/\/voyageausahara.com\/fr_fr\/#\/schema\/logo\/image\/\"}}]}<\/script>\n<!-- \/ Yoast SEO plugin. -->","yoast_head_json":{"title":"Boutique T-shirt Randonn\u00e9e Trek D\u00e9sert Sahara","description":"Boutique de jolis t-shirts et accessoires pour la randonn\u00e9e dans le d\u00e9sert du Sahara alg\u00e9rien.","robots":{"index":"index","follow":"follow","max-snippet":"max-snippet:-1","max-image-preview":"max-image-preview:large","max-video-preview":"max-video-preview:-1"},"canonical":"https:\/\/voyageausahara.com\/fr_fr\/boutique\/","og_locale":"fr_FR","og_type":"article","og_title":"Boutique T-shirt Randonn\u00e9e Trek D\u00e9sert Sahara","og_description":"Boutique de jolis t-shirts et accessoires pour la randonn\u00e9e dans le d\u00e9sert du Sahara alg\u00e9rien.","og_url":"https:\/\/voyageausahara.com\/fr_fr\/boutique\/","og_site_name":"Voyage au Sahara","article_modified_time":"2018-11-08T20:25:13+00:00","twitter_card":"summary_large_image","twitter_title":"Boutique T-shirt Randonn\u00e9e Trek D\u00e9sert Sahara","twitter_description":"Boutique de jolis t-shirts et accessoires pour la randonn\u00e9e dans le d\u00e9sert du Sahara alg\u00e9rien.","schema":{"@context":"https:\/\/schema.org","@graph":[{"@type":"WebPage","@id":"https:\/\/voyageausahara.com\/en\/boutique\/","url":"https:\/\/voyageausahara.com\/en\/boutique\/","name":"Boutique T-shirt Randonn\u00e9e Trek D\u00e9sert Sahara","isPartOf":{"@id":"https:\/\/voyageausahara.com\/fr_fr\/#website"},"datePublished":"2018-11-08T16:17:47+00:00","dateModified":"2018-11-08T20:25:13+00:00","description":"Boutique de jolis t-shirts et accessoires pour la randonn\u00e9e dans le d\u00e9sert du Sahara alg\u00e9rien.","breadcrumb":{"@id":"https:\/\/voyageausahara.com\/en\/boutique\/#breadcrumb"},"inLanguage":"fr-FR","potentialAction":[{"@type":"ReadAction","target":["https:\/\/voyageausahara.com\/en\/boutique\/"]}]},{"@type":"BreadcrumbList","@id":"https:\/\/voyageausahara.com\/en\/boutique\/#breadcrumb","itemListElement":[{"@type":"ListItem","position":1,"name":"Accueil","item":"https:\/\/voyageausahara.com\/"},{"@type":"ListItem","position":2,"name":"Boutique"}]},{"@type":"WebSite","@id":"https:\/\/voyageausahara.com\/fr_fr\/#website","url":"https:\/\/voyageausahara.com\/fr_fr\/","name":"Voyage au Sahara","description":"D\u00e9couvrez la beaut\u00e9 du Sahara et vivez une aventure humaine avec vos amis, votre famille ou d\u2019autres voyageurs avec un guide touristique agr\u00e9\u00e9.","publisher":{"@id":"https:\/\/voyageausahara.com\/fr_fr\/#organization"},"potentialAction":[{"@type":"SearchAction","target":{"@type":"EntryPoint","urlTemplate":"https:\/\/voyageausahara.com\/fr_fr\/?s={search_term_string}"},"query-input":{"@type":"PropertyValueSpecification","valueRequired":true,"valueName":"search_term_string"}}],"inLanguage":"fr-FR"},{"@type":"Organization","@id":"https:\/\/voyageausahara.com\/fr_fr\/#organization","name":"Voyage au Sahara","url":"https:\/\/voyageausahara.com\/fr_fr\/","logo":{"@type":"ImageObject","inLanguage":"fr-FR","@id":"https:\/\/voyageausahara.com\/fr_fr\/#\/schema\/logo\/image\/","url":"https:\/\/voyageausahara.com\/wp-content\/uploads\/2019\/08\/cropped-voyageausahara-logo-color-retina-01.png","contentUrl":"https:\/\/voyageausahara.com\/wp-content\/uploads\/2019\/08\/cropped-voyageausahara-logo-color-retina-01.png","width":678,"height":300,"caption":"Voyage au Sahara"},"image":{"@id":"https:\/\/voyageausahara.com\/fr_fr\/#\/schema\/logo\/image\/"}}]}},"_links":{"self":[{"href":"https:\/\/voyageausahara.com\/fr_fr\/wp-json\/wp\/v2\/pages\/531","targetHints":{"allow":["GET"]}}],"collection":[{"href":"https:\/\/voyageausahara.com\/fr_fr\/wp-json\/wp\/v2\/pages"}],"about":[{"href":"https:\/\/voyageausahara.com\/fr_fr\/wp-json\/wp\/v2\/types\/page"}],"author":[{"embeddable":true,"href":"https:\/\/voyageausahara.com\/fr_fr\/wp-json\/wp\/v2\/users\/1"}],"replies":[{"embeddable":true,"href":"https:\/\/voyageausahara.com\/fr_fr\/wp-json\/wp\/v2\/comments?post=531"}],"version-history":[{"count":1,"href":"https:\/\/voyageausahara.com\/fr_fr\/wp-json\/wp\/v2\/pages\/531\/revisions"}],"predecessor-version":[{"id":903,"href":"https:\/\/voyageausahara.com\/fr_fr\/wp-json\/wp\/v2\/pages\/531\/revisions\/903"}],"wp:attachment":[{"href":"https:\/\/voyageausahara.com\/fr_fr\/wp-json\/wp\/v2\/media?parent=531"}],"curies":[{"name":"wp","href":"https:\/\/api.w.org\/{rel}","templated":true}]}}