{"id":80,"date":"2018-03-10T00:09:20","date_gmt":"2018-03-09T23:09:20","guid":{"rendered":"https:\/\/voyageausahara.com\/iump-tos-page\/"},"modified":"2018-03-10T15:02:34","modified_gmt":"2018-03-10T14:02:34","slug":"cgvu","status":"publish","type":"page","link":"https:\/\/voyageausahara.com\/fr_fr\/cgvu\/","title":{"rendered":"CGVU"},"content":{"rendered":"<div class=\"vc_row wpb_row vc_row-fluid\"><div class=\"wpb_column vc_column_container vc_col-sm-12\"><div class=\"vc_column-inner\"><div class=\"wpb_wrapper\">\n\t<div class=\"wpb_text_column wpb_content_element \" >\n\t\t<div class=\"wpb_wrapper\">\n\t\t\t<p><strong>CONDITIONS G\u00c9N\u00c9RALES DE VENTE ET\u00a0D\u2019UTILISATION<\/strong><\/p>\n<p>Applicables au 13 mars 2018 et modifiables sans pr\u00e9avis.<\/p>\n\n\t\t<\/div>\n\t<\/div>\n<\/div><\/div><\/div><\/div><div class=\"vc_row wpb_row vc_row-fluid\"><div class=\"wpb_column vc_column_container vc_col-sm-12\"><div class=\"vc_column-inner\"><div class=\"wpb_wrapper\">\n\t<div class=\"wpb_text_column wpb_content_element \" >\n\t\t<div class=\"wpb_wrapper\">\n\t\t\t<p><strong>PR\u00c9AMBULE<\/strong><\/p>\n<p>Les pr\u00e9sentes Conditions G\u00e9n\u00e9rales de Vente et d&rsquo;Utilisation ont pour objet de r\u00e9gir les termes et conditions ainsi que les modalit\u00e9s selon lesquelles Yassine AISSAOUI \u2013 ci-apr\u00e8s d\u00e9sign\u00e9 l&rsquo;Auteur \u2013 fournit des biens num\u00e9riques et des services \u00e0 ses clients. Les pr\u00e9sentes Conditions G\u00e9n\u00e9rales de Vente et d&rsquo;Utilisation pr\u00e9valent sur les informations commerciales affich\u00e9es sur le site VoyageauSahara.com, celles-ci pouvant \u00eatre amen\u00e9es \u00e0 \u00eatre modifi\u00e9es \u00e0 tout moment et sans pr\u00e9avis, ou sur toutes autres conditions figurant dans tout autre document.<\/p>\n\n\t\t<\/div>\n\t<\/div>\n<\/div><\/div><\/div><\/div><div class=\"vc_row wpb_row vc_row-fluid\"><div class=\"wpb_column vc_column_container vc_col-sm-12\"><div class=\"vc_column-inner\"><div class=\"wpb_wrapper\">\n\t<div class=\"wpb_text_column wpb_content_element \" >\n\t\t<div class=\"wpb_wrapper\">\n\t\t\t<p><strong>ARTICLE 1. \u2013 MODALIT\u00c9S D\u2019ACC\u00c8S ET D\u2019INSCRIPTION<\/strong><\/p>\n<p>L\u2019acc\u00e8s int\u00e9gral web documentaire implique le remplissage d\u2019un formulaire d\u2019inscription, ainsi que la cr\u00e9ation d\u2019un compte utilisateur, permettant \u00e0 l\u2019Utilisateur inscrit de s\u2019authentifier. Lors de son inscription en ligne, l\u2019Utilisateur doit remplir chaque champ du formulaire pour valider son inscription, \u00e0 savoir son nom d\u2019utilisateur, son e-mail et son mot de passe. L\u2019Utilisateur doit \u00e9galement prendre connaissance et accepter les pr\u00e9sentes CGVU. L\u2019Utilisateur s\u2019engage \u00e0 fournir des informations, exactes et compl\u00e8tes comme demand\u00e9es dans le formulaire d\u2019inscription et \u00e0 les tenir \u00e0 jour sans d\u00e9lai.<\/p>\n<p>Une fois le compte cr\u00e9\u00e9 le site VoyageauSahara.com adresse un accus\u00e9 de r\u00e9ception \u00e0 l\u2019adresse e-mail renseign\u00e9e dans le formulaire d\u2019inscription, \u00e0 titre de confirmation de l\u2019acceptation de la demande d\u2019inscription.<\/p>\n<p><strong>ARTICLE 2. \u2013 CONDITIONS TARIFAIRES ET PAIEMENTS<\/strong><\/p>\n<p>Le paiement s\u2019effectue selon les tarifs et modalit\u00e9s en vigueur sur le site web VoyageauSahara.com. L&rsquo;inscription est payable lors de la souscription.<\/p>\n<p>L\u2019Utilisateur est seul responsable du paiement de l\u2019ensemble des sommes dues au titre de son inscription. Un tiers peut toutefois r\u00e9gler son inscription pour le compte de l\u2019Utilisateur, sans que cela ne lui attribue de droits particuliers.<\/p>\n<p>Les modes de paiement propos\u00e9s par VoyageauSahara.com :<\/p>\n<ul>\n<li>PayPal<\/li>\n<li>Stripe<\/li>\n<li>Ch\u00e8que<\/li>\n<li>Virement bancaire<\/li>\n<\/ul>\n<p>Les tarifs sont accessibles sur le site VoyageauSahara.com, indiqu\u00e9s en Euros et s\u2019entendent \u201cHors Taxe\u201d (HT).<\/p>\n<p>En cas de payement infructueux via PayPal ou Stripe, et sauf cas de vol ou d\u2019opposition, le prestataire de paiement s\u00e9curis\u00e9 pourra \u00eatre amen\u00e9 \u00e0 repr\u00e9senter le paiement jusqu\u2019\u00e0 sa r\u00e9gularisation.<\/p>\n<p>Toutefois, en cas de d\u00e9fauts de payement r\u00e9p\u00e9t\u00e9s, ce quel que soit le mode de paiement choisi et apr\u00e8s relances de VoyageauSahara.com rest\u00e9es infructueuses, l&rsquo;Auteur du web documentaire se r\u00e9serve le droit de r\u00e9silier l&rsquo;inscription, voire de supprimer toute possibilit\u00e9 de s&rsquo;inscrire ult\u00e9rieurement pour une dur\u00e9e d\u2019un an \u00e0 compter du jour de notification de la r\u00e9siliation.<\/p>\n<p><strong>ARTICLE 3. \u2013 IDENTIFIANTS DE CONNEXIONS<\/strong><\/p>\n<p>Un compte chez VoyageauSahara.com correspond \u00e0 des identifiants de connexion qui permettent \u00e0 l\u2019Utilisateur de s\u2019identifier et de se connecter au site Internet. Ces identifiants de connexion cr\u00e9\u00e9s par l\u2019Utilisateur sont personnels et confidentiels. Ils peuvent \u00eatre modifi\u00e9s en ligne par l\u2019Utilisateur.<\/p>\n<p>L\u2019Utilisateur est enti\u00e8rement responsable de l\u2019utilisation des identifiants de connexion le concernant. Sauf preuve contraire, toute connexion au site Internet ou transmission de donn\u00e9es effectu\u00e9es \u00e0 partir des identifiants de connexion de l\u2019Utilisateur sera r\u00e9put\u00e9e avoir \u00e9t\u00e9 effectu\u00e9e par ce dernier.<\/p>\n<p>L\u2019Utilisateur s\u2019engage \u00e0 conserver ses identifiants de connexion secrets et s\u2019interdit de les divulguer sous quelque forme que ce soit \u00e0 des tiers.<\/p>\n<p>A cet \u00e9gard, l\u2019Utilisateur a la possibilit\u00e9 de s\u2019assurer qu\u2019\u00e0 l\u2019issue de chaque session, il peut se d\u00e9connecter explicitement.<\/p>\n<p>En cas de perte, de vol ou de divulgation accidentelle de ses identifiants de connexion, l\u2019Utilisateur doit en informer sans d\u00e9lai, l&rsquo;Auteur du web documentaire, par e-mail \u00e0 contact\u00a0{at}\u00a0voyageausahara {point}\u00a0com ; l\u2019Utilisateur sera invit\u00e9 \u00e0 indiquer un nouveau mot de passe.<\/p>\n<p>Toute perte, vol, d\u00e9tournement ou utilisation non autoris\u00e9e des identifiants de connexion et leurs cons\u00e9quences rel\u00e8vent de la responsabilit\u00e9 de l\u2019Utilisateur.<\/p>\n<p><strong>ARTICLE 4. \u2013 PROPRI\u00c9T\u00c9 INTELLECTUELLE<\/strong><\/p>\n<p>L\u2019Utilisateur s\u2019interdit de reproduire,\u00a0modifier, copier, traduire, reproduire, vendre, publier, exploiter et diffuser dans un format num\u00e9rique ou autre, tout ou partie des informations, textes, photos, images, vid\u00e9os et donn\u00e9es pr\u00e9sents sur le site, qui constituent des \u0153uvres au sens des dispositions de l\u2019article L112-1 du code de la propri\u00e9t\u00e9 intellectuelle. La violation de ces dispositions imp\u00e9ratives soumet le contrevenant, et toutes personnes responsables, aux peines p\u00e9nales et civiles pr\u00e9vues par la loi.<\/p>\n<p>VoyageauSahara.com consent \u00e0 l\u2019Utilisateur un droit d\u2019usage priv\u00e9, non collectif et non exclusif sur son contenu. Ce droit est limit\u00e9 au droit d\u2019imprimer un ou plusieurs articles et\/ou de l\u2019enregistrer sur son ordinateur (ou autre support digital tel que mobile et tablette) <strong>pour son usage personnel exclusivement<\/strong> (y compris dans le cadre d\u2019une inscription pour les contenus payants). Toute mise en r\u00e9seau, toute rediffusion, toute exploitation dans un cadre professionnel ou commercial ou toute commercialisation de ce contenu aupr\u00e8s de tiers, sous quelque forme que ce soit, est strictement interdite sauf accord pr\u00e9alable de l&rsquo;Auteur. Il en est de m\u00eame des flux RSS et les newsletters. Les personnes souhaitant exploiter ou utiliser tout ou partie du contenu du site dans un cadre professionnel ou commercial, et en particulier, les flux RSS, sont invit\u00e9es \u00e0 contacter l&rsquo;Auteur \u00e0 l\u2019adresse contact\u00a0{at} voyageausahara.com {point}\u00a0com.<\/p>\n<p><strong>ARTICLE 5. \u2013 R\u00c9TRACTATION ET R\u00c9SILIATION<\/strong><\/p>\n<p><strong>5.1.\u00a0\u2013 R\u00c9TRACTATION<\/strong><\/p>\n<p>L\u2019inscrit, susceptible d\u2019\u00eatre qualifi\u00e9 de consommateur au sens des textes en vigueur, d\u00e9clare accepter que le service est fourni et accessible, d\u00e8s la confirmation de sa commande et sa premi\u00e8re connexion au service, laquelle fait courir son inscription pour la dur\u00e9e choisie. Ainsi, l\u2019abonn\u00e9 reconnait express\u00e9ment que la prestation de service d\u00e9bute, avec son accord, avant l\u2019\u00e9coulement du d\u00e9lai de sept jours franc pr\u00e9vus par le code de la consommation pour l\u2019exercice du droit de r\u00e9tractation, et qu\u2019il ne peut pr\u00e9tendre en b\u00e9n\u00e9ficier.<\/p>\n<p><strong>5.2.\u00a0\u2013 R\u00c9SILIATION<\/strong><\/p>\n<p>VoyageauSahara.com se r\u00e9serve le droit de suspendre et\/ou de r\u00e9silier l\u2019inscription de l\u2019Utilisateur, sans indemnit\u00e9 ni droit \u00e0 remboursement, en cas de manquement de l\u2019abonn\u00e9 aux pr\u00e9sentes conditions g\u00e9n\u00e9rales, dans un d\u00e9lai de 15 jours courant \u00e0 partir de l\u2019envoi d\u2019une mise en demeure par lettre recommand\u00e9e avec demande d\u2019avis de r\u00e9ception (en cas d\u2019adresse valide renseign\u00e9e par l\u2019abonn\u00e9) ou par courriel avec accus\u00e9 r\u00e9ception sur l\u2019adresse e-mail saisie lors de l\u2019inscription, sans pr\u00e9judice du droit pour VoyageauSahara.com de demander en justice le versement de tout dommage et int\u00e9r\u00eat en r\u00e9paration de son entier pr\u00e9judice.<\/p>\n<p>L\u2019Utilisateur inscrit ne peut c\u00e9der tout ou partie des droits et obligations r\u00e9sultant de sa commande qu\u2019apr\u00e8s accord pr\u00e9alable et \u00e9crit de VoyageauSahara.com et sous r\u00e9serve que soient strictement respect\u00e9es les conditions stipul\u00e9es aux pr\u00e9sentes conditions g\u00e9n\u00e9rales.<\/p>\n<p>La r\u00e9siliation n\u2019entra\u00eene aucune p\u00e9nalit\u00e9, mais ne donnera pas lieu \u00e0 un remboursement de la p\u00e9riode en cours, mensuelle ou annuelle, selon le choix op\u00e9r\u00e9 lors de l\u2019inscription.<\/p>\n<p>Toutefois, concernant l&rsquo;inscription, \u00e0 titre exceptionnel et de mani\u00e8re restrictive, le remboursement en cours de p\u00e9riode sera recevable, pour les mois restant \u00e0 courir, sous r\u00e9serve que l\u2019abonn\u00e9 concern\u00e9 remplisse les crit\u00e8res cumulatifs suivants\u00a0:<\/p>\n<ul>\n<li>\u00eatre un particulier (personne physique qui s&rsquo;inscrit \u00e0 titre non professionnel)\u00a0;<\/li>\n<li>pr\u00e9senter un motif l\u00e9gitime emp\u00eachant l\u2019acc\u00e8s au service, d\u00fbment prouv\u00e9 tel que: le ch\u00f4mage, la longue hospitalisation, le surendettement, le d\u00e9c\u00e8s, la c\u00e9cit\u00e9 et la faillite personnelle.<\/li>\n<\/ul>\n<p>D\u00e8s lors, il sera proc\u00e9d\u00e9 \u00e0 un remboursement au prorata de la somme per\u00e7ue par VoyageauSahara.com pour la dur\u00e9e restant \u00e0 courir. Les remboursements seront effectu\u00e9s dans un d\u00e9lai maximum de trente (30) jours francs \u00e0 compter de la r\u00e9ception de la demande. Le mode de remboursement s\u2019effectuera au choix de VoyageauSahara.com, par cr\u00e9dit sur compte bancaire ou par ch\u00e8que.<\/p>\n<p><strong>ARTICLE 6. \u2013\u00a0<b>RESPONSABILIT\u00c9<\/b><\/strong><\/p>\n<p><strong>6.1. Champ d\u2019application<br \/>\n<\/strong>Le Client est seul responsable de son site Internet et des ses comptes \/ pages sociales. Il est express\u00e9ment sp\u00e9cifi\u00e9 que l\u2019Auteur du web documentaire n\u2019est pas tenu par une obligation de r\u00e9sultat mais par un engagement de moyens (ancien article 1137 du\u00a0Code\u00a0civil).<\/p>\n\n\t\t<\/div>\n\t<\/div>\n<\/div><\/div><\/div><\/div><div class=\"vc_row wpb_row vc_row-fluid\"><div class=\"wpb_column vc_column_container vc_col-sm-12\"><div class=\"vc_column-inner\"><div class=\"wpb_wrapper\">\n\t<div class=\"wpb_text_column wpb_content_element \" >\n\t\t<div class=\"wpb_wrapper\">\n\t\t\t<h2>F<a name=\"email\"><\/a>\u00a0\u2013\u00a0E-MAIL<\/h2>\n<p><strong>F.1. \u2013 CONDITIONS D\u2019UTILISATION<\/strong><\/p>\n<p><em>Les pr\u00e9sentes conditions d\u2019utilisation expliquent le principe de fonctionnement du contenu priv\u00e9 ou gratuit chez VoyageauSahara.com.<\/em><\/p>\n<p>Chez VoyageauSahara.com vous pouvez voir du contenu verrouill\u00e9 (qui n\u00e9cessite une connexion) ou du contenu accessible uniquement par e-mail. Inscrivez-vous, entrez votre nom ou effectuez d\u2019autres actions pour acc\u00e9der au contenu priv\u00e9 et gratuit.<\/p>\n<p><strong>Utilisation de votre adresse e-mail<\/strong><\/p>\n<p>Lorsque vous saisissez votre adresse e-mail ou si vous vous connectez via les r\u00e9seaux sociaux, vous acceptez que votre adresse e-mail soit ajout\u00e9e \u00e0 la liste d\u2019abonnement pour envoyer du contenu informatif, des nouvelles cibl\u00e9es et des offres sp\u00e9ciales. Vous pouvez vous d\u00e9sinscrire \u00e0 tout moment en cliquant sur le lien \u00e0 la fin de tous les courriels re\u00e7us de VoyageauSahara.com.<\/p>\n<p><strong>Applications sociales et autorisations<\/strong><\/p>\n<p>Lorsque vous vous connectez via des r\u00e9seaux sociaux, VoyageauSahara.com peut vous demander d\u2019accorder des autorisations pour lire ou ex\u00e9cuter certaines actions sociales. VoyageauSahara.com r\u00e9cup\u00e8re uniquement les informations suivantes (selon la politique de confidentialit\u00e9 du site Internet) :<\/p>\n<ul>\n<li>Nom de la personne<\/li>\n<li>Adresse e-mail<\/li>\n<\/ul>\n<p>VoyageauSahara.com ne recueille jamais d\u2019autres donn\u00e9es et ne publie jamais rien dans les r\u00e9seaux sociaux en votre nom sans votre autorisation.<\/p>\n<p>Apr\u00e8s avoir d\u00e9verrouill\u00e9 le contenu priv\u00e9, VoyageauSahara.com supprime tous les jetons d\u2019acc\u00e8s re\u00e7us de vous et ne les utilise plus jamais.<\/p>\n<p>Si vous avez des questions concernant ces conditions d\u2019utilisation, vous pouvez nous contacter.<\/p>\n<p><strong>F.2. \u2013\u00a0POLITIQUE DE CONFIDENTIALIT\u00c9<\/strong><\/p>\n<p>Cette politique de confidentialit\u00e9 a \u00e9t\u00e9 \u00e9labor\u00e9e pour mieux servir ceux qui s\u2019int\u00e9ressent \u00e0 la mani\u00e8re dont leurs informations personnelles\u00a0sont utilis\u00e9es en ligne.<\/p>\n<p>Veuillez lire attentivement notre politique de confidentialit\u00e9 afin de bien comprendre comment nous collectons, utilisons, prot\u00e9geons ou g\u00e9rons vos informations personnelles identifiables conform\u00e9ment \u00e0 notre site Internet.<\/p>\n<p><strong>Quels renseignements personnels recueillons-nous des personnes qui visitent notre site\u00a0?<\/strong><\/p>\n<p>Lorsque vous utilisez le site VoyageauSahara.com, selon le cas, il vous sera demand\u00e9 de saisir votre nom, adresse e-mail ou d\u2019autres d\u00e9tails pour vous aider dans votre exp\u00e9rience.<\/p>\n<p><strong>Comment utilisons-nous vos informations ?<\/strong><\/p>\n<p>Nous pouvons utiliser les informations que nous recueillons aupr\u00e8s de vous quand\u00a0vous vous inscrivez au web documentaire, quand vous vous inscrivez \u00e0 notre newsletter, quand vous d\u00e9verrouillez le contenu, r\u00e9pondez \u00e0 un sondage ou une communication marketing, naviguez sur le site Internet ou utilisez certaines autres fonctionnalit\u00e9s du site de la mani\u00e8re suivante :<\/p>\n<ul>\n<li>Pour personnaliser l\u2019exp\u00e9rience de l\u2019utilisateur et pour nous permettre de fournir le type de contenu et les offres de produits dans lesquelles vous \u00eates le plus int\u00e9ress\u00e9.<\/li>\n<li>Pour am\u00e9liorer notre site Internet afin de mieux vous servir.<\/li>\n<li>Pour nous permettre de mieux vous r\u00e9pondre en r\u00e9pondant \u00e0 vos demandes de service client\u00e8le.<\/li>\n<li>Administrer un concours, une promotion, un sondage ou tout autre \u00e9l\u00e9ment du site.<\/li>\n<li>Pour envoyer des courriels p\u00e9riodiques concernant votre commande ou d\u2019autres produits et services.<\/li>\n<\/ul>\n<p><strong>Utilisons-nous des \u201ccookies\u201d ?<\/strong><\/p>\n<p>Oui. Les cookies sont de petits fichiers qu\u2019un site ou fournisseur de services transf\u00e8re au disque dur de votre ordinateur via votre navigateur web (si vous le permettez), ce qui permet aux syst\u00e8mes du site ou du fournisseur de services de reconna\u00eetre votre navigateur et de capturer et de m\u00e9moriser certaines informations. Par exemple, nous utilisons des cookies pour nous aider \u00e0 nous rappeler et \u00e0 traiter les \u00e9l\u00e9ments de votre panier. Ils sont \u00e9galement utilis\u00e9s pour nous aider \u00e0 comprendre vos pr\u00e9f\u00e9rences en fonction de l\u2019activit\u00e9 ant\u00e9rieure ou actuelle du site, ce qui nous permet de vous fournir des services am\u00e9lior\u00e9s.\u00a0Nous utilisons \u00e9galement des cookies pour nous aider \u00e0 compiler des donn\u00e9es globales sur le trafic du site et l\u2019interaction avec le site afin que nous puissions offrir de meilleures exp\u00e9riences sur le site et des outils \u00e0 l\u2019avenir.<\/p>\n<p>Nous utilisons des cookies pour :<\/p>\n<ul>\n<li>Comprendre et enregistrer les pr\u00e9f\u00e9rences de l\u2019utilisateur pour de futures visites.<\/li>\n<li>M\u00e9moriser les utilisateurs qui ont d\u00e9bloqu\u00e9 l\u2019acc\u00e8s au contenu premium.<\/li>\n<\/ul>\n<p>Si vous d\u00e9sactivez les cookies, certaines fonctionnalit\u00e9s seront d\u00e9sactiv\u00e9es. Cela affectera l\u2019exp\u00e9rience des utilisateurs et certains de nos services ne fonctionneront pas correctement.<\/p>\n<p><strong>Divulgation de tierce partie<\/strong><\/p>\n<p>Nous ne vendons pas\u00a0et n\u2019\u00e9changeons pas\u00a0vos informations personnellement identifiables\u00a0\u00e0 des tiers. Cela n\u2019inclut pas les partenaires d\u2019h\u00e9bergement de sites web et les autres parties qui nous aident \u00e0 exploiter notre site Internet, \u00e0 mener nos activit\u00e9s ou \u00e0 vous servir, \u00e0 condition que ces parties conviennent de garder cette information confidentielle. Nous pouvons \u00e9galement divulguer vos informations lorsque nous croyons qu\u2019elle est appropri\u00e9e pour se conformer \u00e0 la loi, pour faire appliquer nos politiques de site, ou pour prot\u00e9ger nos droits, propri\u00e9t\u00e9 ou s\u00e9curit\u00e9.<\/p>\n<p>Toutefois, des informations personnelles non identifiables peuvent \u00eatre fournies \u00e0 d\u2019autres parties pour des fins de marketing, de publicit\u00e9 ou autres.<\/p>\n<p><strong>Liens tiers<\/strong><\/p>\n<p>Parfois, \u00e0 notre discr\u00e9tion, nous pouvons inclure ou offrir des produits ou des services de tiers sur notre site Internet. Ces sites tiers disposent de politiques de confidentialit\u00e9 distinctes et ind\u00e9pendantes. Nous n\u2019avons donc aucune responsabilit\u00e9 pour le contenu et les activit\u00e9s de ces sites li\u00e9s. N\u00e9anmoins, nous cherchons \u00e0 prot\u00e9ger l\u2019int\u00e9grit\u00e9 de notre site et nous accueillons tous les commentaires sur ces sites.<\/p>\n<p>Si vous avez des questions concernant cette politique de confidentialit\u00e9, vous pouvez nous contacter.<\/p>\n\n\t\t<\/div>\n\t<\/div>\n<\/div><\/div><\/div><\/div>\n","protected":false},"excerpt":{"rendered":"CONDITIONS G\u00c9N\u00c9RALES DE VENTE ET\u00a0D\u2019UTILISATION Applicables au 13 mars 2018 et modifiables sans pr\u00e9avis. PR\u00c9AMBULE Les pr\u00e9sentes Conditions G\u00e9n\u00e9rales de Vente et d'Utilisation ont pour objet<span class=\"excerpt-hellip\"> [\u2026]<\/span>","protected":false},"author":1,"featured_media":0,"parent":0,"menu_order":0,"comment_status":"closed","ping_status":"closed","template":"","meta":{"footnotes":""},"class_list":["post-80","page","type-page","status-publish","hentry"],"yoast_head":"<!-- This site is optimized with the Yoast SEO plugin v26.8 - https:\/\/yoast.com\/product\/yoast-seo-wordpress\/ -->\n<title>CGVU<\/title>\n<meta name=\"robots\" content=\"noindex, follow\" \/>\n<meta property=\"og:locale\" content=\"fr_FR\" \/>\n<meta property=\"og:type\" content=\"article\" \/>\n<meta property=\"og:title\" content=\"CGVU\" \/>\n<meta property=\"og:url\" content=\"https:\/\/voyageausahara.com\/fr_fr\/cgvu\/\" \/>\n<meta property=\"og:site_name\" content=\"Voyage au Sahara\" \/>\n<meta property=\"article:modified_time\" content=\"2018-03-10T14:02:34+00:00\" \/>\n<meta name=\"twitter:card\" content=\"summary_large_image\" \/>\n<meta name=\"twitter:label1\" content=\"Dur\u00e9e de lecture estim\u00e9e\" \/>\n\t<meta name=\"twitter:data1\" content=\"12 minutes\" \/>\n<script type=\"application\/ld+json\" class=\"yoast-schema-graph\">{\"@context\":\"https:\/\/schema.org\",\"@graph\":[{\"@type\":\"WebPage\",\"@id\":\"https:\/\/voyageausahara.com\/en\/cgvu\/\",\"url\":\"https:\/\/voyageausahara.com\/en\/cgvu\/\",\"name\":\"CGVU\",\"isPartOf\":{\"@id\":\"https:\/\/voyageausahara.com\/fr_fr\/#website\"},\"datePublished\":\"2018-03-09T23:09:20+00:00\",\"dateModified\":\"2018-03-10T14:02:34+00:00\",\"breadcrumb\":{\"@id\":\"https:\/\/voyageausahara.com\/en\/cgvu\/#breadcrumb\"},\"inLanguage\":\"fr-FR\",\"potentialAction\":[{\"@type\":\"ReadAction\",\"target\":[\"https:\/\/voyageausahara.com\/en\/cgvu\/\"]}]},{\"@type\":\"BreadcrumbList\",\"@id\":\"https:\/\/voyageausahara.com\/en\/cgvu\/#breadcrumb\",\"itemListElement\":[{\"@type\":\"ListItem\",\"position\":1,\"name\":\"Accueil\",\"item\":\"https:\/\/voyageausahara.com\/\"},{\"@type\":\"ListItem\",\"position\":2,\"name\":\"CGVU\"}]},{\"@type\":\"WebSite\",\"@id\":\"https:\/\/voyageausahara.com\/fr_fr\/#website\",\"url\":\"https:\/\/voyageausahara.com\/fr_fr\/\",\"name\":\"Voyage au Sahara\",\"description\":\"D\u00e9couvrez la beaut\u00e9 du Sahara et vivez une aventure humaine avec vos amis, votre famille ou d\u2019autres voyageurs avec un guide touristique agr\u00e9\u00e9.\",\"publisher\":{\"@id\":\"https:\/\/voyageausahara.com\/fr_fr\/#organization\"},\"potentialAction\":[{\"@type\":\"SearchAction\",\"target\":{\"@type\":\"EntryPoint\",\"urlTemplate\":\"https:\/\/voyageausahara.com\/fr_fr\/?s={search_term_string}\"},\"query-input\":{\"@type\":\"PropertyValueSpecification\",\"valueRequired\":true,\"valueName\":\"search_term_string\"}}],\"inLanguage\":\"fr-FR\"},{\"@type\":\"Organization\",\"@id\":\"https:\/\/voyageausahara.com\/fr_fr\/#organization\",\"name\":\"Voyage au Sahara\",\"url\":\"https:\/\/voyageausahara.com\/fr_fr\/\",\"logo\":{\"@type\":\"ImageObject\",\"inLanguage\":\"fr-FR\",\"@id\":\"https:\/\/voyageausahara.com\/fr_fr\/#\/schema\/logo\/image\/\",\"url\":\"https:\/\/voyageausahara.com\/wp-content\/uploads\/2019\/08\/cropped-voyageausahara-logo-color-retina-01.png\",\"contentUrl\":\"https:\/\/voyageausahara.com\/wp-content\/uploads\/2019\/08\/cropped-voyageausahara-logo-color-retina-01.png\",\"width\":678,\"height\":300,\"caption\":\"Voyage au Sahara\"},\"image\":{\"@id\":\"https:\/\/voyageausahara.com\/fr_fr\/#\/schema\/logo\/image\/\"}}]}<\/script>\n<!-- \/ Yoast SEO plugin. -->","yoast_head_json":{"title":"CGVU","robots":{"index":"noindex","follow":"follow"},"og_locale":"fr_FR","og_type":"article","og_title":"CGVU","og_url":"https:\/\/voyageausahara.com\/fr_fr\/cgvu\/","og_site_name":"Voyage au Sahara","article_modified_time":"2018-03-10T14:02:34+00:00","twitter_card":"summary_large_image","twitter_misc":{"Dur\u00e9e de lecture estim\u00e9e":"12 minutes"},"schema":{"@context":"https:\/\/schema.org","@graph":[{"@type":"WebPage","@id":"https:\/\/voyageausahara.com\/en\/cgvu\/","url":"https:\/\/voyageausahara.com\/en\/cgvu\/","name":"CGVU","isPartOf":{"@id":"https:\/\/voyageausahara.com\/fr_fr\/#website"},"datePublished":"2018-03-09T23:09:20+00:00","dateModified":"2018-03-10T14:02:34+00:00","breadcrumb":{"@id":"https:\/\/voyageausahara.com\/en\/cgvu\/#breadcrumb"},"inLanguage":"fr-FR","potentialAction":[{"@type":"ReadAction","target":["https:\/\/voyageausahara.com\/en\/cgvu\/"]}]},{"@type":"BreadcrumbList","@id":"https:\/\/voyageausahara.com\/en\/cgvu\/#breadcrumb","itemListElement":[{"@type":"ListItem","position":1,"name":"Accueil","item":"https:\/\/voyageausahara.com\/"},{"@type":"ListItem","position":2,"name":"CGVU"}]},{"@type":"WebSite","@id":"https:\/\/voyageausahara.com\/fr_fr\/#website","url":"https:\/\/voyageausahara.com\/fr_fr\/","name":"Voyage au Sahara","description":"D\u00e9couvrez la beaut\u00e9 du Sahara et vivez une aventure humaine avec vos amis, votre famille ou d\u2019autres voyageurs avec un guide touristique agr\u00e9\u00e9.","publisher":{"@id":"https:\/\/voyageausahara.com\/fr_fr\/#organization"},"potentialAction":[{"@type":"SearchAction","target":{"@type":"EntryPoint","urlTemplate":"https:\/\/voyageausahara.com\/fr_fr\/?s={search_term_string}"},"query-input":{"@type":"PropertyValueSpecification","valueRequired":true,"valueName":"search_term_string"}}],"inLanguage":"fr-FR"},{"@type":"Organization","@id":"https:\/\/voyageausahara.com\/fr_fr\/#organization","name":"Voyage au Sahara","url":"https:\/\/voyageausahara.com\/fr_fr\/","logo":{"@type":"ImageObject","inLanguage":"fr-FR","@id":"https:\/\/voyageausahara.com\/fr_fr\/#\/schema\/logo\/image\/","url":"https:\/\/voyageausahara.com\/wp-content\/uploads\/2019\/08\/cropped-voyageausahara-logo-color-retina-01.png","contentUrl":"https:\/\/voyageausahara.com\/wp-content\/uploads\/2019\/08\/cropped-voyageausahara-logo-color-retina-01.png","width":678,"height":300,"caption":"Voyage au Sahara"},"image":{"@id":"https:\/\/voyageausahara.com\/fr_fr\/#\/schema\/logo\/image\/"}}]}},"_links":{"self":[{"href":"https:\/\/voyageausahara.com\/fr_fr\/wp-json\/wp\/v2\/pages\/80","targetHints":{"allow":["GET"]}}],"collection":[{"href":"https:\/\/voyageausahara.com\/fr_fr\/wp-json\/wp\/v2\/pages"}],"about":[{"href":"https:\/\/voyageausahara.com\/fr_fr\/wp-json\/wp\/v2\/types\/page"}],"author":[{"embeddable":true,"href":"https:\/\/voyageausahara.com\/fr_fr\/wp-json\/wp\/v2\/users\/1"}],"replies":[{"embeddable":true,"href":"https:\/\/voyageausahara.com\/fr_fr\/wp-json\/wp\/v2\/comments?post=80"}],"version-history":[{"count":3,"href":"https:\/\/voyageausahara.com\/fr_fr\/wp-json\/wp\/v2\/pages\/80\/revisions"}],"predecessor-version":[{"id":95,"href":"https:\/\/voyageausahara.com\/fr_fr\/wp-json\/wp\/v2\/pages\/80\/revisions\/95"}],"wp:attachment":[{"href":"https:\/\/voyageausahara.com\/fr_fr\/wp-json\/wp\/v2\/media?parent=80"}],"curies":[{"name":"wp","href":"https:\/\/api.w.org\/{rel}","templated":true}]}}