{"id":97,"date":"2018-03-10T14:18:07","date_gmt":"2018-03-10T13:18:07","guid":{"rendered":"https:\/\/voyageausahara.com\/?page_id=97"},"modified":"2018-03-10T15:03:45","modified_gmt":"2018-03-10T14:03:45","slug":"mentions-legales","status":"publish","type":"page","link":"https:\/\/voyageausahara.com\/fr_fr\/mentions-legales\/","title":{"rendered":"Mentions l\u00e9gales"},"content":{"rendered":"<div class=\"vc_row wpb_row vc_row-fluid\"><div class=\"wpb_column vc_column_container vc_col-sm-12\"><div class=\"vc_column-inner\"><div class=\"wpb_wrapper\">\n\t<div class=\"wpb_text_column wpb_content_element \" >\n\t\t<div class=\"wpb_wrapper\">\n\t\t\t<p><strong>MENTIONS\u00a0<\/strong><b>L\u00c9GALES<\/b><\/p>\n\n\t\t<\/div>\n\t<\/div>\n<\/div><\/div><\/div><\/div><div class=\"vc_row wpb_row vc_row-fluid\"><div class=\"wpb_column vc_column_container vc_col-sm-12\"><div class=\"vc_column-inner\"><div class=\"wpb_wrapper\">\n\t<div class=\"wpb_text_column wpb_content_element \" >\n\t\t<div class=\"wpb_wrapper\">\n\t\t\t<p>Directeur de la publication :\u00a0Yassine AISSAOUI<br \/>\nSiret : 512 601 105 00020<br \/>\nCode APE : 6201Z<br \/>\nAdresse :\u00a03 av. Adrien Mazet, R\u00e9sidence La Carraire, B\u00e2t. C, n\u00b0\u00a036, 13 140 Miramas \u2013 FRANCE<br \/>\nStatut: Entreprise individuelle<\/p>\n<p>VoyageauSahara.com utilise WordPress, le syst\u00e8me de gestion de contenu (CMS) :\u00a0http:\/\/fr.wordpress.org<br \/>\nLe blog est h\u00e9berg\u00e9 par la soci\u00e9t\u00e9 OVH.<\/p>\n<p>SAS au capital de 10 069 020 \u20ac<br \/>\nRCS Lille M\u00e9tropole 424 761 419 00045<br \/>\nCode APE 2620Z<br \/>\nN\u00b0 TVA : FR 22 424 761 419<br \/>\nSi\u00e8ge social : 2 rue Kellermann &#8211; 59100 Roubaix &#8211; France<\/p>\n<p>Le site VoyageauSahara.com et son contenu ont \u00e9t\u00e9 cr\u00e9\u00e9s et mis en ligne par Yassine AISSAOUI \u2013 Expert SEO &amp; Webmarketing.<br \/>\nLe design est une cr\u00e9ation de MUFFIN GROUP et personnalis\u00e9 par Yassine AISSAOUI.<\/p>\n\n\t\t<\/div>\n\t<\/div>\n<\/div><\/div><\/div><\/div><div class=\"vc_row wpb_row vc_row-fluid\"><div class=\"wpb_column vc_column_container vc_col-sm-12\"><div class=\"vc_column-inner\"><div class=\"wpb_wrapper\">\n\t<div class=\"wpb_text_column wpb_content_element \" >\n\t\t<div class=\"wpb_wrapper\">\n\t\t\t<p style=\"text-align: justify;\"><strong>DROIT D&rsquo;AUTEUR ET PROPRI\u00c9T\u00c9 INTELLECTUELLE<\/strong><\/p>\n<p style=\"text-align: justify;\">La pr\u00e9sentation et chacun des \u00e9l\u00e9ments, y compris les marques, logos et noms de domaine, apparaissant sur VoyageauSahara.com, sont prot\u00e9g\u00e9s par les lois en vigueur sur la propri\u00e9t\u00e9 intellectuelle, et appartiennent \u00e0 VoyageauSahara.com ou font l\u2019objet d\u2019une autorisation d\u2019utilisation.<\/p>\n<p style=\"text-align: justify;\">Aucun \u00e9l\u00e9ment composant le Site (textes des articles, vid\u00e9os, images, logos, code html, \u2026) ne peut \u00eatre copi\u00e9, reproduit, modifi\u00e9, r\u00e9\u00e9dit\u00e9, charg\u00e9, d\u00e9natur\u00e9, transmis ou distribu\u00e9 de quelque mani\u00e8re que ce soit, sous quelque support que ce soit, de fa\u00e7on partielle ou int\u00e9grale, sans l\u2019autorisation \u00e9crite et pr\u00e9alable de VoyageauSahara.com et sous r\u00e9serve du respect des droits de propri\u00e9t\u00e9 intellectuelle et de tout autre droit de propri\u00e9t\u00e9 dont il est fait mention. Seule la copie \u00e0 usage priv\u00e9 est autoris\u00e9e pour votre usage personnel, priv\u00e9 et non commercial, sur votre ordinateur personnel.<\/p>\n<p style=\"text-align: justify;\">VoyageauSahara.com se r\u00e9serve le droit de poursuivre tout acte de contrefa\u00e7on de ses droits de propri\u00e9t\u00e9 intellectuelle.<\/p>\n<p>Les copies autoris\u00e9es :<\/p>\n<ul style=\"text-align: justify;\">\n<li>La copie du titre n&rsquo;est pas autoris\u00e9e si celui-ci est r\u00e9utilis\u00e9 pour le titre d&rsquo;un nouvel article d&rsquo;un autre site Internet.<\/li>\n<li>La copie des\u00a0<strong>140 premiers caract\u00e8res d&rsquo;articles<\/strong>\u00a0est autoris\u00e9e \u00e0 condition que la copie soit pr\u00e9c\u00e9d\u00e9e de la mention \u00ab\u00a0Source: VoyageauSahara.com\u00a0\u00bb.<\/li>\n<li>La copie d&rsquo;un extrait d&rsquo;article sur support papier \u00e0 condition de ne pas d\u00e9passer les <strong>250 caract\u00e8res<\/strong>. L&rsquo;extrait copi\u00e9 sur support papier doit \u00eatre pr\u00e9c\u00e9d\u00e9 de la mention \u00ab\u00a0Source : VoyageauSahara.com\u00a0\u00bb.<\/li>\n<\/ul>\n<p>Tarifs de copies des articles sur VoyageauSahara.com :<\/p>\n<p style=\"text-align: justify;\">Pr\u00e9alablement \u00e0 toute tentative de copie, veuillez informer directement le responsable de VoyageauSahara.com. Si les conditions cit\u00e9es pr\u00e9c\u00e9demment n&rsquo;\u00e9taient pas respect\u00e9es, voici les tarifications de copies d&rsquo;articles auxquelles seraient soumise toute personne :<\/p>\n<ul>\n<li style=\"text-align: justify;\">Tarif de copie d&rsquo;article (ou extrait d&rsquo;article) sur site : 1 400 euros HT* \/ mois d\u2019utilisation de la copie.<\/li>\n<li style=\"text-align: justify;\">Tarif copie d&rsquo;article (ou extrait d&rsquo;article)\u00a0sur support papier : 6 euros HT* l&rsquo;exemplaire imprim\u00e9 pour 1 \u00e0 500 exemplaires imprim\u00e9s ; le tarif est de 0.95 euros HT* l&rsquo;exemplaire imprim\u00e9 pour 501 \u00e0 10 000 exemplaires imprim\u00e9s.<\/li>\n<\/ul>\n<p>*\u00a0<em>TVA non applicable, article 293 B du Code g\u00e9n\u00e9ral des imp\u00f4ts.<\/em><\/p>\n<p><strong>COMMUNICATIONS \u00c9LECTRONIQUES<\/strong><\/p>\n<p><strong>7.1. Newsletter<\/strong><\/p>\n<p>L&rsquo;inscription<\/p>\n<p>Le service de newsletter de VoyageauSahara.com est enti\u00e8rement gratuit. La proc\u00e9dure d&rsquo;abonnement consiste en la simple inscription d&rsquo;une adresse e-mail valide qui deviendra l&rsquo;adresse de r\u00e9f\u00e9rence o\u00f9 sera envoy\u00e9e la newsletter. La validation du formulaire d&rsquo;abonnement entra\u00eene l&rsquo;acceptation pleine et enti\u00e8re par l&rsquo;Utilisateur des conditions g\u00e9n\u00e9rales d&rsquo;utilisation.\u00a0Pour vous inscrire \u00e0 la newsletter indiquez simplement votre adresse e-mail valide, puis cliquez sur \u00ab\u00a0S&rsquo;inscrire\u00a0\u00bb.\u00a0L&rsquo;envoi des\u00a0newsletters aux inscrits n&rsquo;est pas automatique. L&rsquo;envoi s&rsquo;effectue par le biais de l&rsquo;adresse e-mail de r\u00e9f\u00e9rence fournie par l&rsquo;inscrit. Le contenu des newsletters est fourni exclusivement par VoyageauSahara.com.<\/p>\n<p>Le d\u00e9sabonnement<\/p>\n<p>Chaque abonn\u00e9 \u00e0 la newsletter a la possibilit\u00e9 de se\u00a0d\u00e9sabonner\u00a0et poss\u00e8de\u00a0un droit d&rsquo;acc\u00e8s et de modification quant aux informations nominatives le concernant. Les informations recueillies b\u00e9n\u00e9ficient de la protection de la loi \u00ab\u00a0Informatiques et Libert\u00e9s\u00a0\u00bb n\u00b078-17 du 6 janvier 1978. Conform\u00e9ment aux articles 34 de la loi n\u00b078-17 du 6 janvier 1978 relative \u00e0 l&rsquo;informatique, aux fichiers et aux libert\u00e9s, toute personne peut obtenir communication et, le cas \u00e9ch\u00e9ant, rectification ou suppression des informations la concernant. Pour exercer ce droit d&rsquo;acc\u00e8s, envoyez un e-mail \u00e0 VoyageauSahara.com<em><strong>\u00a0<\/strong><\/em>\u00e0 l&rsquo;adresse suivante :\u00a0contact\u00a0{at}\u00a0voyageausahara {point}\u00a0com.\u00a0Vous pouvez vous d\u00e9sabonner de la newsletter \u00e0 tout moment en cliquant sur le lien qui figure \u00e0 la fin de l&rsquo;e-mail de la newsletter.<\/p>\n<p><strong>7.2. Devenir membre de VoyageauSahara.com<\/strong><\/p>\n<p>Inscription au site Internet<\/p>\n<p>Afin de cr\u00e9er un Compte d\u2019Utilisateur, vous devez fournir certaines informations vous concernant, telles que nom et pr\u00e9nom, adresse e-mail et\u00a0autres informations (\u00ab Vos Donn\u00e9es\u00bb).\u00a0En soumettant Vos Donn\u00e9es, vous autorisez VoyageauSahara.com \u00e0 collecter, traiter et enregistrer Vos Donn\u00e9es aux fins de permettre votre utilisation du Site, g\u00e9rer et am\u00e9liorer le Site et votre exp\u00e9rience ceci en conformit\u00e9 avec la Politique de Confidentialit\u00e9 de VoyageauSahara.com et les lois applicables.\u00a0En vous inscrivant au site VoyageauSahara.com, vous acceptez de recevoir des offres, informations, \u00e9chantillons, publicit\u00e9s et e-mails de VoyageauSahara.com.<\/p>\n<p>D\u00e9sinscription<\/p>\n<p>Chaque inscrit au site VoyageauSahara.com a la possibilit\u00e9 de se d\u00e9sinscrire\u00a0et poss\u00e8de\u00a0un droit d&rsquo;acc\u00e8s et de modification quant aux informations nominatives le concernant. Les informations recueillies b\u00e9n\u00e9ficient de la protection de la loi \u00ab\u00a0Informatiques et Libert\u00e9s\u00a0\u00bb n\u00b078-17 du 6 janvier 1978. Conform\u00e9ment aux articles 34 de la loi n\u00b078-17 du 6 janvier 1978 relative \u00e0 l&rsquo;informatique, aux fichiers et aux libert\u00e9s, toute personne peut obtenir communication et, le cas \u00e9ch\u00e9ant, rectification ou suppression des informations la concernant. Pour exercer ce droit d&rsquo;acc\u00e8s, envoyez un e-mail \u00e0\u00a0VoyageauSahara.com<em><strong>\u00a0<\/strong><\/em>\u00e0 l&rsquo;adresse suivante :\u00a0contact\u00a0{at}\u00a0voyageausahara {point}\u00a0com.\u00a0Vous pouvez vous d\u00e9sinscrire du\u00a0site VoyageauSahara.com \u00e0 tout moment en nous faisant la demande par e-mail.<\/p>\n\n\t\t<\/div>\n\t<\/div>\n<\/div><\/div><\/div><\/div><div class=\"vc_row wpb_row vc_row-fluid\"><div class=\"wpb_column vc_column_container vc_col-sm-12\"><div class=\"vc_column-inner\"><div class=\"wpb_wrapper\">\n\t<div class=\"wpb_text_column wpb_content_element \" >\n\t\t<div class=\"wpb_wrapper\">\n\t\t\t<h2>F<a name=\"email\"><\/a>\u00a0\u2013\u00a0E-MAIL<\/h2>\n<p><strong>F.1. \u2013 CONDITIONS D\u2019UTILISATION<\/strong><\/p>\n<p><em>Les pr\u00e9sentes conditions d\u2019utilisation expliquent le principe de fonctionnement du contenu priv\u00e9 ou gratuit chez VoyageauSahara.com.<\/em><\/p>\n<p>Chez VoyageauSahara.com vous pouvez voir du contenu verrouill\u00e9 (qui n\u00e9cessite une connexion) ou du contenu accessible uniquement par e-mail. Inscrivez-vous, entrez votre nom ou effectuez d\u2019autres actions pour acc\u00e9der au contenu priv\u00e9 et gratuit.<\/p>\n<p><strong>Utilisation de votre adresse e-mail<\/strong><\/p>\n<p>Lorsque vous saisissez votre adresse e-mail ou si vous vous connectez via les r\u00e9seaux sociaux, vous acceptez que votre adresse e-mail soit ajout\u00e9e \u00e0 la liste d\u2019abonnement pour envoyer du contenu informatif, des nouvelles cibl\u00e9es et des offres sp\u00e9ciales. Vous pouvez vous d\u00e9sinscrire \u00e0 tout moment en cliquant sur le lien \u00e0 la fin de tous les courriels re\u00e7us de VoyageauSahara.com.<\/p>\n<p><strong>Applications sociales et autorisations<\/strong><\/p>\n<p>Lorsque vous vous connectez via des r\u00e9seaux sociaux, VoyageauSahara.com peut vous demander d\u2019accorder des autorisations pour lire ou ex\u00e9cuter certaines actions sociales. VoyageauSahara.com r\u00e9cup\u00e8re uniquement les informations suivantes (selon la politique de confidentialit\u00e9 du site Internet) :<\/p>\n<ul>\n<li>Nom de la personne<\/li>\n<li>Adresse e-mail<\/li>\n<\/ul>\n<p>VoyageauSahara.com ne recueille jamais d\u2019autres donn\u00e9es et ne publie jamais rien dans les r\u00e9seaux sociaux en votre nom sans votre autorisation.<\/p>\n<p>Apr\u00e8s avoir d\u00e9verrouill\u00e9 le contenu priv\u00e9, VoyageauSahara.com supprime tous les jetons d\u2019acc\u00e8s re\u00e7us de vous et ne les utilise plus jamais.<\/p>\n<p>Si vous avez des questions concernant ces conditions d\u2019utilisation, vous pouvez nous contacter.<\/p>\n<p><strong>F.2. \u2013\u00a0POLITIQUE DE CONFIDENTIALIT\u00c9<\/strong><\/p>\n<p>Cette politique de confidentialit\u00e9 a \u00e9t\u00e9 \u00e9labor\u00e9e pour mieux servir ceux qui s\u2019int\u00e9ressent \u00e0 la mani\u00e8re dont leurs informations personnelles\u00a0sont utilis\u00e9es en ligne.<\/p>\n<p>Veuillez lire attentivement notre politique de confidentialit\u00e9 afin de bien comprendre comment nous collectons, utilisons, prot\u00e9geons ou g\u00e9rons vos informations personnelles identifiables conform\u00e9ment \u00e0 notre site Internet.<\/p>\n<p><strong>Quels renseignements personnels recueillons-nous des personnes qui visitent notre site\u00a0?<\/strong><\/p>\n<p>Lorsque vous utilisez le site VoyageauSahara.com, selon le cas, il vous sera demand\u00e9 de saisir votre nom, adresse e-mail ou d\u2019autres d\u00e9tails pour vous aider dans votre exp\u00e9rience.<\/p>\n<p><strong>Comment utilisons-nous vos informations ?<\/strong><\/p>\n<p>Nous pouvons utiliser les informations que nous recueillons aupr\u00e8s de vous quand\u00a0vous vous inscrivez au web documentaire, quand vous vous inscrivez \u00e0 notre newsletter, quand vous d\u00e9verrouillez le contenu, r\u00e9pondez \u00e0 un sondage ou une communication marketing, naviguez sur le site Internet ou utilisez certaines autres fonctionnalit\u00e9s du site de la mani\u00e8re suivante :<\/p>\n<ul>\n<li>Pour personnaliser l\u2019exp\u00e9rience de l\u2019utilisateur et pour nous permettre de fournir le type de contenu et les offres de produits dans lesquelles vous \u00eates le plus int\u00e9ress\u00e9.<\/li>\n<li>Pour am\u00e9liorer notre site Internet afin de mieux vous servir.<\/li>\n<li>Pour nous permettre de mieux vous r\u00e9pondre en r\u00e9pondant \u00e0 vos demandes de service client\u00e8le.<\/li>\n<li>Administrer un concours, une promotion, un sondage ou tout autre \u00e9l\u00e9ment du site.<\/li>\n<li>Pour envoyer des courriels p\u00e9riodiques concernant votre commande ou d\u2019autres produits et services.<\/li>\n<\/ul>\n<p><strong>Utilisons-nous des \u201ccookies\u201d ?<\/strong><\/p>\n<p>Oui. Les cookies sont de petits fichiers qu\u2019un site ou fournisseur de services transf\u00e8re au disque dur de votre ordinateur via votre navigateur web (si vous le permettez), ce qui permet aux syst\u00e8mes du site ou du fournisseur de services de reconna\u00eetre votre navigateur et de capturer et de m\u00e9moriser certaines informations. Par exemple, nous utilisons des cookies pour nous aider \u00e0 nous rappeler et \u00e0 traiter les \u00e9l\u00e9ments de votre panier. Ils sont \u00e9galement utilis\u00e9s pour nous aider \u00e0 comprendre vos pr\u00e9f\u00e9rences en fonction de l\u2019activit\u00e9 ant\u00e9rieure ou actuelle du site, ce qui nous permet de vous fournir des services am\u00e9lior\u00e9s.\u00a0Nous utilisons \u00e9galement des cookies pour nous aider \u00e0 compiler des donn\u00e9es globales sur le trafic du site et l\u2019interaction avec le site afin que nous puissions offrir de meilleures exp\u00e9riences sur le site et des outils \u00e0 l\u2019avenir.<\/p>\n<p>Nous utilisons des cookies pour :<\/p>\n<ul>\n<li>Comprendre et enregistrer les pr\u00e9f\u00e9rences de l\u2019utilisateur pour de futures visites.<\/li>\n<li>M\u00e9moriser les utilisateurs qui ont d\u00e9bloqu\u00e9 l\u2019acc\u00e8s au contenu premium.<\/li>\n<\/ul>\n<p>Si vous d\u00e9sactivez les cookies, certaines fonctionnalit\u00e9s seront d\u00e9sactiv\u00e9es. Cela affectera l\u2019exp\u00e9rience des utilisateurs et certains de nos services ne fonctionneront pas correctement.<\/p>\n<p><strong>Divulgation de tierce partie<\/strong><\/p>\n<p>Nous ne vendons pas\u00a0et n\u2019\u00e9changeons pas\u00a0vos informations personnellement identifiables\u00a0\u00e0 des tiers. Cela n\u2019inclut pas les partenaires d\u2019h\u00e9bergement de sites web et les autres parties qui nous aident \u00e0 exploiter notre site Internet, \u00e0 mener nos activit\u00e9s ou \u00e0 vous servir, \u00e0 condition que ces parties conviennent de garder cette information confidentielle. Nous pouvons \u00e9galement divulguer vos informations lorsque nous croyons qu\u2019elle est appropri\u00e9e pour se conformer \u00e0 la loi, pour faire appliquer nos politiques de site, ou pour prot\u00e9ger nos droits, propri\u00e9t\u00e9 ou s\u00e9curit\u00e9.<\/p>\n<p>Toutefois, des informations personnelles non identifiables peuvent \u00eatre fournies \u00e0 d\u2019autres parties pour des fins de marketing, de publicit\u00e9 ou autres.<\/p>\n<p><strong>Liens tiers<\/strong><\/p>\n<p>Parfois, \u00e0 notre discr\u00e9tion, nous pouvons inclure ou offrir des produits ou des services de tiers sur notre site Internet. Ces sites tiers disposent de politiques de confidentialit\u00e9 distinctes et ind\u00e9pendantes. Nous n\u2019avons donc aucune responsabilit\u00e9 pour le contenu et les activit\u00e9s de ces sites li\u00e9s. N\u00e9anmoins, nous cherchons \u00e0 prot\u00e9ger l\u2019int\u00e9grit\u00e9 de notre site et nous accueillons tous les commentaires sur ces sites.<\/p>\n<p>Si vous avez des questions concernant cette politique de confidentialit\u00e9, vous pouvez nous contacter.<\/p>\n\n\t\t<\/div>\n\t<\/div>\n<\/div><\/div><\/div><\/div>\n","protected":false},"excerpt":{"rendered":"MENTIONS\u00a0L\u00c9GALES Directeur de la publication :\u00a0Yassine AISSAOUI Siret : 512 601 105 00020 Code APE : 6201Z Adresse :\u00a03 av. Adrien Mazet, R\u00e9sidence La Carraire, B\u00e2t.<span class=\"excerpt-hellip\"> [\u2026]<\/span>","protected":false},"author":1,"featured_media":0,"parent":0,"menu_order":0,"comment_status":"closed","ping_status":"closed","template":"","meta":{"footnotes":""},"class_list":["post-97","page","type-page","status-publish","hentry"],"yoast_head":"<!-- This site is optimized with the Yoast SEO plugin v26.8 - https:\/\/yoast.com\/product\/yoast-seo-wordpress\/ -->\n<title>Mentions l\u00e9gales<\/title>\n<meta name=\"robots\" content=\"noindex, follow\" \/>\n<meta property=\"og:locale\" content=\"fr_FR\" \/>\n<meta property=\"og:type\" content=\"article\" \/>\n<meta property=\"og:title\" content=\"Mentions l\u00e9gales\" \/>\n<meta property=\"og:url\" content=\"https:\/\/voyageausahara.com\/fr_fr\/mentions-legales\/\" \/>\n<meta property=\"og:site_name\" content=\"Voyage au Sahara\" \/>\n<meta property=\"article:modified_time\" content=\"2018-03-10T14:03:45+00:00\" \/>\n<meta name=\"twitter:card\" content=\"summary_large_image\" \/>\n<meta name=\"twitter:title\" content=\"Mentions l\u00e9gales\" \/>\n<meta name=\"twitter:label1\" content=\"Dur\u00e9e de lecture estim\u00e9e\" \/>\n\t<meta name=\"twitter:data1\" content=\"10 minutes\" \/>\n<script type=\"application\/ld+json\" class=\"yoast-schema-graph\">{\"@context\":\"https:\/\/schema.org\",\"@graph\":[{\"@type\":\"WebPage\",\"@id\":\"https:\/\/voyageausahara.com\/en\/mentions-legales\/\",\"url\":\"https:\/\/voyageausahara.com\/en\/mentions-legales\/\",\"name\":\"Mentions l\u00e9gales\",\"isPartOf\":{\"@id\":\"https:\/\/voyageausahara.com\/fr_fr\/#website\"},\"datePublished\":\"2018-03-10T13:18:07+00:00\",\"dateModified\":\"2018-03-10T14:03:45+00:00\",\"breadcrumb\":{\"@id\":\"https:\/\/voyageausahara.com\/en\/mentions-legales\/#breadcrumb\"},\"inLanguage\":\"fr-FR\",\"potentialAction\":[{\"@type\":\"ReadAction\",\"target\":[\"https:\/\/voyageausahara.com\/en\/mentions-legales\/\"]}]},{\"@type\":\"BreadcrumbList\",\"@id\":\"https:\/\/voyageausahara.com\/en\/mentions-legales\/#breadcrumb\",\"itemListElement\":[{\"@type\":\"ListItem\",\"position\":1,\"name\":\"Accueil\",\"item\":\"https:\/\/voyageausahara.com\/\"},{\"@type\":\"ListItem\",\"position\":2,\"name\":\"Mentions l\u00e9gales\"}]},{\"@type\":\"WebSite\",\"@id\":\"https:\/\/voyageausahara.com\/fr_fr\/#website\",\"url\":\"https:\/\/voyageausahara.com\/fr_fr\/\",\"name\":\"Voyage au Sahara\",\"description\":\"D\u00e9couvrez la beaut\u00e9 du Sahara et vivez une aventure humaine avec vos amis, votre famille ou d\u2019autres voyageurs avec un guide touristique agr\u00e9\u00e9.\",\"publisher\":{\"@id\":\"https:\/\/voyageausahara.com\/fr_fr\/#organization\"},\"potentialAction\":[{\"@type\":\"SearchAction\",\"target\":{\"@type\":\"EntryPoint\",\"urlTemplate\":\"https:\/\/voyageausahara.com\/fr_fr\/?s={search_term_string}\"},\"query-input\":{\"@type\":\"PropertyValueSpecification\",\"valueRequired\":true,\"valueName\":\"search_term_string\"}}],\"inLanguage\":\"fr-FR\"},{\"@type\":\"Organization\",\"@id\":\"https:\/\/voyageausahara.com\/fr_fr\/#organization\",\"name\":\"Voyage au Sahara\",\"url\":\"https:\/\/voyageausahara.com\/fr_fr\/\",\"logo\":{\"@type\":\"ImageObject\",\"inLanguage\":\"fr-FR\",\"@id\":\"https:\/\/voyageausahara.com\/fr_fr\/#\/schema\/logo\/image\/\",\"url\":\"https:\/\/voyageausahara.com\/wp-content\/uploads\/2019\/08\/cropped-voyageausahara-logo-color-retina-01.png\",\"contentUrl\":\"https:\/\/voyageausahara.com\/wp-content\/uploads\/2019\/08\/cropped-voyageausahara-logo-color-retina-01.png\",\"width\":678,\"height\":300,\"caption\":\"Voyage au Sahara\"},\"image\":{\"@id\":\"https:\/\/voyageausahara.com\/fr_fr\/#\/schema\/logo\/image\/\"}}]}<\/script>\n<!-- \/ Yoast SEO plugin. -->","yoast_head_json":{"title":"Mentions l\u00e9gales","robots":{"index":"noindex","follow":"follow"},"og_locale":"fr_FR","og_type":"article","og_title":"Mentions l\u00e9gales","og_url":"https:\/\/voyageausahara.com\/fr_fr\/mentions-legales\/","og_site_name":"Voyage au Sahara","article_modified_time":"2018-03-10T14:03:45+00:00","twitter_card":"summary_large_image","twitter_title":"Mentions l\u00e9gales","twitter_misc":{"Dur\u00e9e de lecture estim\u00e9e":"10 minutes"},"schema":{"@context":"https:\/\/schema.org","@graph":[{"@type":"WebPage","@id":"https:\/\/voyageausahara.com\/en\/mentions-legales\/","url":"https:\/\/voyageausahara.com\/en\/mentions-legales\/","name":"Mentions l\u00e9gales","isPartOf":{"@id":"https:\/\/voyageausahara.com\/fr_fr\/#website"},"datePublished":"2018-03-10T13:18:07+00:00","dateModified":"2018-03-10T14:03:45+00:00","breadcrumb":{"@id":"https:\/\/voyageausahara.com\/en\/mentions-legales\/#breadcrumb"},"inLanguage":"fr-FR","potentialAction":[{"@type":"ReadAction","target":["https:\/\/voyageausahara.com\/en\/mentions-legales\/"]}]},{"@type":"BreadcrumbList","@id":"https:\/\/voyageausahara.com\/en\/mentions-legales\/#breadcrumb","itemListElement":[{"@type":"ListItem","position":1,"name":"Accueil","item":"https:\/\/voyageausahara.com\/"},{"@type":"ListItem","position":2,"name":"Mentions l\u00e9gales"}]},{"@type":"WebSite","@id":"https:\/\/voyageausahara.com\/fr_fr\/#website","url":"https:\/\/voyageausahara.com\/fr_fr\/","name":"Voyage au Sahara","description":"D\u00e9couvrez la beaut\u00e9 du Sahara et vivez une aventure humaine avec vos amis, votre famille ou d\u2019autres voyageurs avec un guide touristique agr\u00e9\u00e9.","publisher":{"@id":"https:\/\/voyageausahara.com\/fr_fr\/#organization"},"potentialAction":[{"@type":"SearchAction","target":{"@type":"EntryPoint","urlTemplate":"https:\/\/voyageausahara.com\/fr_fr\/?s={search_term_string}"},"query-input":{"@type":"PropertyValueSpecification","valueRequired":true,"valueName":"search_term_string"}}],"inLanguage":"fr-FR"},{"@type":"Organization","@id":"https:\/\/voyageausahara.com\/fr_fr\/#organization","name":"Voyage au Sahara","url":"https:\/\/voyageausahara.com\/fr_fr\/","logo":{"@type":"ImageObject","inLanguage":"fr-FR","@id":"https:\/\/voyageausahara.com\/fr_fr\/#\/schema\/logo\/image\/","url":"https:\/\/voyageausahara.com\/wp-content\/uploads\/2019\/08\/cropped-voyageausahara-logo-color-retina-01.png","contentUrl":"https:\/\/voyageausahara.com\/wp-content\/uploads\/2019\/08\/cropped-voyageausahara-logo-color-retina-01.png","width":678,"height":300,"caption":"Voyage au Sahara"},"image":{"@id":"https:\/\/voyageausahara.com\/fr_fr\/#\/schema\/logo\/image\/"}}]}},"_links":{"self":[{"href":"https:\/\/voyageausahara.com\/fr_fr\/wp-json\/wp\/v2\/pages\/97","targetHints":{"allow":["GET"]}}],"collection":[{"href":"https:\/\/voyageausahara.com\/fr_fr\/wp-json\/wp\/v2\/pages"}],"about":[{"href":"https:\/\/voyageausahara.com\/fr_fr\/wp-json\/wp\/v2\/types\/page"}],"author":[{"embeddable":true,"href":"https:\/\/voyageausahara.com\/fr_fr\/wp-json\/wp\/v2\/users\/1"}],"replies":[{"embeddable":true,"href":"https:\/\/voyageausahara.com\/fr_fr\/wp-json\/wp\/v2\/comments?post=97"}],"version-history":[{"count":2,"href":"https:\/\/voyageausahara.com\/fr_fr\/wp-json\/wp\/v2\/pages\/97\/revisions"}],"predecessor-version":[{"id":99,"href":"https:\/\/voyageausahara.com\/fr_fr\/wp-json\/wp\/v2\/pages\/97\/revisions\/99"}],"wp:attachment":[{"href":"https:\/\/voyageausahara.com\/fr_fr\/wp-json\/wp\/v2\/media?parent=97"}],"curies":[{"name":"wp","href":"https:\/\/api.w.org\/{rel}","templated":true}]}}